{"id":671,"date":"2021-09-23T14:19:58","date_gmt":"2021-09-23T11:19:58","guid":{"rendered":"https:\/\/miona.happyoffline.eu\/?page_id=671"},"modified":"2021-11-15T13:33:41","modified_gmt":"2021-11-15T10:33:41","slug":"tesla-care","status":"publish","type":"page","link":"https:\/\/www.davidovic-grigoraki.gr\/sr\/tesla-care\/","title":{"rendered":"Tesla Care"},"content":{"rendered":"<div class=\"wpb-content-wrapper\"><p>[vc_row full_width=&#8220;stretch_row_content_no_spaces&#8220; el_class=&#8220;breadcrumb&#8220;][vc_column][vc_column_text]<\/p>\n<h2 style=\"text-align: center;\">Tesla Care<\/h2>\n<p>[\/vc_column_text][\/vc_column][\/vc_row][vc_row el_class=&#8220;teslacareRow1&#8243;][vc_column width=&#8220;1\/3&#8243;][vc_single_image image=&#8220;672&#8243; img_size=&#8220;full&#8220;][\/vc_column][vc_column width=&#8220;2\/3&#8243;][vc_column_text]<\/p>\n<h2>Tesla Care magnetna stolica<br \/>\n<img decoding=\"async\" class=\"size-full wp-image-673 alignright\" src=\"http:\/\/davidovic-grigoraki.gr\/wp-content\/uploads\/2021\/09\/FMS-logo.png\" alt=\"\" width=\"auto\" height=\"auto\" \/><\/h2>\n<p>TESLA CARE FMS je revolucionarna tehnologija odobrena od strane Ameri\u010dke uprave za hranu i lekove (FDA). Proizvodi visoko fukusirana, pulsiraju\u0107a magnetna polja i koristi se za le\u010denje urinarne inkontinencije.<\/p>\n<p>Konzervativno le\u010denje inkontinencije metodom TESLA CARE FMS uglavnom se odnosi na \u017eene \u010dija je urinarna inkontinencija uzrokovana slabljenjem mi\u0161i\u0107a dna karlice (\u017eenije starije \u017eivotne dobi, \u017eene posle poro\u0111aja, \u017eene sa neurolo\u0161kim lezijama), ali i na mu\u0161karce sa problemima uzrokovanim disfunkcijom mi\u0161i\u0107a karli\u010dnog dna.<\/p>\n<p>Impresivne terapijske rezultate pored inkontinencije, TESLA CARE FMS bele\u017ei i kod pobolj\u0161anja seksualnosti.<\/p>\n<h4>Terapijski proces:<\/h4>\n<p>Terapija je jednostavna i ne zahteva posebnu pripremu pacijenta.<\/p>\n<p>Tokom terapije pacijent ostaje obu\u010den i sedi na udobnoj stolici za inkontinenciju. Tokom stimulacije, fokusira se na mi\u0161i\u0107ne kontrakcije i tako u\u010di koje mi\u0161i\u0107e treba ve\u017ebati.<\/p>\n<p>Trajanje tretmana zavisi od problema koje \u017eena ima. Sesija traje 20 minuta. Maksimalan broj sesija je 2-3 nedeljno, a ukupno trajanje terapije je uglavnom minimum 6 nedelja, zavisno od stanja mi\u0161i\u0107a karli\u010dnog dna \u017eene.[\/vc_column_text][\/vc_column][\/vc_row][vc_row full_width=&#8220;stretch_row_content_no_spaces&#8220; el_class=&#8220;teslacareRow2&#8243;][vc_column][vc_custom_heading text=&#8220;FMS le\u010di&#8220; font_container=&#8220;tag:h2|text_align:center&#8220; use_theme_fonts=&#8220;yes&#8220;][vc_row_inner content_placement=&#8220;middle&#8220; el_class=&#8220;container&#8220;][vc_column_inner el_class=&#8220;FMScure&#8220; width=&#8220;1\/3&#8243;][vc_column_text el_class=&#8220;FMScure-text&#8220;]<\/p>\n<p style=\"text-align: center;\">Inkontinenciju<\/p>\n<p>[\/vc_column_text][\/vc_column_inner][vc_column_inner el_class=&#8220;FMScure&#8220; width=&#8220;1\/3&#8243;][vc_column_text el_class=&#8220;FMScure-text&#8220;]<\/p>\n<p style=\"text-align: center;\">Probleme reproduktivnog<br \/>\nsistema<\/p>\n<p>[\/vc_column_text][\/vc_column_inner][vc_column_inner el_class=&#8220;FMScure&#8220; width=&#8220;1\/3&#8243;][vc_column_text el_class=&#8220;FMScure-text&#8220;]<\/p>\n<p style=\"text-align: center;\">Osloba\u0111a od bola<\/p>\n<p>[\/vc_column_text][\/vc_column_inner][\/vc_row_inner][\/vc_column][\/vc_row][vc_row content_placement=&#8220;middle&#8220; el_class=&#8220;fotonaRow3 container&#8220;][vc_column width=&#8220;2\/3&#8243;][vc_tta_accordion color=&#8220;white&#8220; c_position=&#8220;right&#8220; active_section=&#8220;no&#8220; el_class=&#8220;fotonaFAQ&#8220; title=&#8220;Frequently Asked Questions&#8220;][vc_tta_section title=&#8220;\u0160ta je TESLA CARE FMS?&#8220; tab_id=&#8220;1632386251260-1eece60f-eb2e&#8220;][vc_column_text]To je nova, efikasna metoda le\u010denja inkontinencije koja koristi funkcionalnu magnetnu stimulaciju. Mo\u017ee se koristiti i kod \u017eena i kod mu\u0161karaca, za sve vrste urinarne i fekalne inkontinencije, za br\u017eu rehabilitaciju nakon operacije ili poro\u0111aja, pa \u010dak i za neke seksualne disfunkcijeili hroni\u010dne bolove u karlici i donjem delu le\u0111a.<\/p>\n<p>TESLA CARE FMS koristi jaka elektromagnetna polja odo 3,0 Tesla i frekvencije od 1 do 160 Hz, izazivaju\u0107i kontrakciju mi\u0161i\u0107a karli\u010dnog dna bez potrebe za ikakvim elektrodama.[\/vc_column_text][\/vc_tta_section][vc_tta_section title=&#8220;Kako magnetno polje aktivira mi\u0161i\u0107e?&#8220; tab_id=&#8220;1632386251276-1f10f4e1-1f6f&#8220;][vc_column_text]FMS magnetno polje \u0161iri se duboko u tkivo i ne ometa ga ode\u0107a, ko\u017ea, mi\u0161i\u0107i ili kosti. Duboko u tkivima superindukovano magnetno polje se transformi\u0161e u lokalno elektri\u010dno polje. Oba polja kombinovana posti\u017eu terapeutske efekte zarastanja tkiva, aktivacije mi\u0161i\u0107a, opu\u0161tanja mi\u0161i\u0107a i ubla\u017eavanja bolova. \u017deljeni efekti se posti\u017eu pode\u0161avanjem razli\u010ditih parametara terapije.[\/vc_column_text][\/vc_tta_section][vc_tta_section title=&#8220;Koje su indikacije TESLA CARE FMS?&#8220; tab_id=&#8220;1632386418648-24ec7d83-5bf8&#8243;][vc_column_text]<\/p>\n<ul style=\"margin-left: 0;\">\n<li>Urinarna inkontinencija (stres, urgentna i me\u0161ovita)<\/li>\n<li>Fekalna inkontinencija<\/li>\n<li>Postporo\u0111ajne rehabilitacija<\/li>\n<li><em>Bla\u017ei oblici spada mokra\u0107ne be\u0161ike\u00a0\u00a0i materice (cystocele, descensus uteri)<\/em><\/li>\n<li>Inkontinencija nakon radikalne prostatektomije<\/li>\n<li>Rehabilitacija mi\u0161i\u0107a karli\u010dnog dna nakon operacije<\/li>\n<li>Hroni\u010dni prostatitis<\/li>\n<li>Erektilna disfunkcija<\/li>\n<li>Problemi zbog lose cirkulacije<\/li>\n<li>Akutni lumbalni bol<\/li>\n<li>Hroni\u010dni lumbalni bol,<\/li>\n<\/ul>\n<p>[\/vc_column_text][\/vc_tta_section][vc_tta_section title=&#8220;Koje su prednosti TESLA CARE FMS?&#8220; tab_id=&#8220;1632386466516-761ce6df-ed2a&#8220;][vc_column_text]<\/p>\n<ul style=\"margin-left: 0;\">\n<li>\u0422erapija je jednostavna i ne zahteva nikakvu pripremu pacijenta.<\/li>\n<li>\u0422okom terapije pacijent ostaje odeven i sedi na udobnoj stolici za inkontinenciju. Tokom stimulacije pacijent se fokusira na svest o mi\u0161i\u0107nim kontrakcijama, \u0161to olak\u0161ava u\u010denje mi\u0161i\u0107nog treninga.<\/li>\n<li>\u0422\u0435rapija je neinvazivna, bezbolna i bez poznatih ne\u017eeljenih efekata.<\/li>\n<li>Pobolj\u0161anje se mo\u017ee videti i nakon samo nekoliko sesija.<\/li>\n<li>Plan terapije za svakog pacijenta posebno utvr\u0111uje lekar spacijalista nakon inicijalne konsultacije i pregleda.<\/li>\n<\/ul>\n<p>[\/vc_column_text][\/vc_tta_section][vc_tta_section title=&#8220;Kako TESLA CARE FMS poma\u017ee \u017eenama nakon poro\u0111aja?&#8220; tab_id=&#8220;1636532389614-e7e67719-83dc&#8220;][vc_column_text]Pove\u0107ana te\u017eina materice i hormonalne promene tokom trudno\u0107e prili\u010dno optere\u0107uju mi\u0161i\u0107e dna karlice smanjuju\u0107i njihove mogu\u0107nosti. Ro\u0111enje deteta mo\u017ee prouzrokovati dodatno istezanje i o\u0161tetiti nerve ili mi\u0161i\u0107e \u010dak i kad poro\u0111ajni kanal izgleda potpuno netaknut. To na kraju dovodi do nekontrolisanog odila\u017eenja mokra\u0107e i \/ ili fekalija nakon poro\u0111aja. Jedini na\u010din da se spre\u010di takva postporo\u0111ajna inkontinencija su ve\u017ebe koje ja\u010daju mi\u0161i\u0107e dna karlice. Takve bi se ve\u017ebe trebale izvoditi tokom trudno\u0107e i nastaviti nakon poro\u0111aja. Ipak, stru\u010dnjaci procenjuju da \u010dak 28% svih \u017eena ima problem povezane sa inkontinencijom \u010dak dve godine nakon poro\u0111aja. FMS omogu\u0107ava mi\u0161i\u0107ima dna karlice da brzo vrate svoj pravilan tonus, snagu i izdr\u017eljivost nakon poro\u0111aja. Inkontinencija se mo\u017ee spre\u010diti ili izle\u010diti u roku od 2-3 nedelje![\/vc_column_text][\/vc_tta_section][\/vc_tta_accordion][\/vc_column][vc_column width=&#8220;1\/3&#8243;][vc_single_image image=&#8220;683&#8243; img_size=&#8220;full&#8220; alignment=&#8220;center&#8220;][\/vc_column][\/vc_row]<\/p>\n<\/div>","protected":false},"excerpt":{"rendered":"<p>[vc_row full_width=&#8220;stretch_row_content_no_spaces&#8220; el_class=&#8220;breadcrumb&#8220;][vc_column][vc_column_text] Tesla Care [\/vc_column_text][\/vc_column][\/vc_row][vc_row el_class=&#8220;teslacareRow1&#8243;][vc_column width=&#8220;1\/3&#8243;][vc_single_image image=&#8220;672&#8243; img_size=&#8220;full&#8220;][\/vc_column][vc_column width=&#8220;2\/3&#8243;][vc_column_text] Tesla Care magnetna stolica TESLA CARE FMS je revolucionarna tehnologija odobrena od strane Ameri\u010dke uprave za hranu i lekove (FDA). Proizvodi visoko fukusirana, pulsiraju\u0107a magnetna polja i koristi se za le\u010denje urinarne inkontinencije. Konzervativno le\u010denje inkontinencije metodom TESLA CARE FMS uglavnom se odnosi na [&hellip;]<\/p>\n","protected":false},"author":1,"featured_media":0,"parent":0,"menu_order":0,"comment_status":"closed","ping_status":"closed","template":"","meta":{"footnotes":""},"class_list":["post-671","page","type-page","status-publish","hentry"],"_links":{"self":[{"href":"https:\/\/www.davidovic-grigoraki.gr\/sr\/wp-json\/wp\/v2\/pages\/671","targetHints":{"allow":["GET"]}}],"collection":[{"href":"https:\/\/www.davidovic-grigoraki.gr\/sr\/wp-json\/wp\/v2\/pages"}],"about":[{"href":"https:\/\/www.davidovic-grigoraki.gr\/sr\/wp-json\/wp\/v2\/types\/page"}],"author":[{"embeddable":true,"href":"https:\/\/www.davidovic-grigoraki.gr\/sr\/wp-json\/wp\/v2\/users\/1"}],"replies":[{"embeddable":true,"href":"https:\/\/www.davidovic-grigoraki.gr\/sr\/wp-json\/wp\/v2\/comments?post=671"}],"version-history":[{"count":5,"href":"https:\/\/www.davidovic-grigoraki.gr\/sr\/wp-json\/wp\/v2\/pages\/671\/revisions"}],"predecessor-version":[{"id":677,"href":"https:\/\/www.davidovic-grigoraki.gr\/sr\/wp-json\/wp\/v2\/pages\/671\/revisions\/677"}],"wp:attachment":[{"href":"https:\/\/www.davidovic-grigoraki.gr\/sr\/wp-json\/wp\/v2\/media?parent=671"}],"curies":[{"name":"wp","href":"https:\/\/api.w.org\/{rel}","templated":true}]}}