{"id":642,"date":"2021-09-23T11:42:23","date_gmt":"2021-09-23T08:42:23","guid":{"rendered":"https:\/\/miona.happyoffline.eu\/?page_id=642"},"modified":"2021-11-15T13:39:47","modified_gmt":"2021-11-15T10:39:47","slug":"fotona-laser-smooth","status":"publish","type":"page","link":"https:\/\/www.davidovic-grigoraki.gr\/sr\/fotona-laser-smooth\/","title":{"rendered":"Fotona Laser Smooth"},"content":{"rendered":"<div class=\"wpb-content-wrapper\"><p>[vc_row full_width=&#8220;stretch_row_content_no_spaces&#8220; el_class=&#8220;breadcrumb&#8220;][vc_column][vc_column_text]<\/p>\n<h2 style=\"text-align: center;\">Fotona Laser Smooth<\/h2>\n<p>[\/vc_column_text][\/vc_column][\/vc_row][vc_row el_class=&#8220;container&#8220;][vc_column][vc_raw_html]JTNDaWZyYW1lJTIwd2lkdGglM0QlMjIxMDAlMjUlMjIlMjBoZWlnaHQlM0QlMjI2MDBweCUyMiUyMHNyYyUzRCUyMmh0dHBzJTNBJTJGJTJGd3d3LnlvdXR1YmUuY29tJTJGZW1iZWQlMkZKdUpHcGVMVkhKRSUzRiUyNmF1dG9wbGF5JTNEMSUyMiUyMHRpdGxlJTNEJTIyWW91VHViZSUyMHZpZGVvJTIwcGxheWVyJTIyJTIwZnJhbWVib3JkZXIlM0QlMjIwJTIyJTIwYWxsb3clM0QlMjJhY2NlbGVyb21ldGVyJTNCJTIwYXV0b3BsYXklM0IlMjBjbGlwYm9hcmQtd3JpdGUlM0IlMjBlbmNyeXB0ZWQtbWVkaWElM0IlMjBneXJvc2NvcGUlM0IlMjBwaWN0dXJlLWluLXBpY3R1cmUlMjIlMjBhbGxvd2Z1bGxzY3JlZW4lM0UlM0MlMkZpZnJhbWUlM0U=[\/vc_raw_html][\/vc_column][\/vc_row][vc_row content_placement=&#8220;middle&#8220; el_class=&#8220;fotonaRow1 container&#8220;][vc_column width=&#8220;1\/3&#8243;][vc_single_image image=&#8220;643&#8243; img_size=&#8220;full&#8220;][\/vc_column][vc_column width=&#8220;2\/3&#8243;][vc_column_text]<\/p>\n<h2>Za\u0161to Fotona Smooth?<\/h2>\n<p>Fotona SMOOTH\u00ae laserski tretmani nude ne\u017ena re\u0161enja za vaginalne problem kao \u0161to su nevoljno odila\u017eenje urina tokom ka\u0161lja i ve\u017ebanja, gubitak \u010dvrsto\u0107e vegine, suvo\u0107a i iritacija vagine. Zasnovani su na spacijalno projektovanom, patentiranom laserskom re\u017eimu koji funkcioni\u0161e tako \u0161to vagini daje ne\u017ene toplotne impulse, ja\u010daju\u0107i i pobolj\u0161avaju\u0107i kvalitet tkiva. Fotona SMOOTH\u00ae tretmani su ne\u017ene, bezbolne i brze ambulantne procedure koje tako\u0111e mogu pomo\u0107i \u017eenama koje pate od vi\u0161e vrsta problema.<br \/>\nSavremena \u017eena ima neotu\u0111ivo pravo da zadr\u017ei svoju funkcionalnost i \u017eenstvenost kako bi u\u017eivala u \u017eivotu.<br \/>\n[\/vc_column_text][\/vc_column][\/vc_row][vc_row full_width=&#8220;stretch_row_content_no_spaces&#8220; el_class=&#8220;fotonaRow2&#8243;][vc_column][vc_custom_heading text=&#8220;Fotona Smooth Tretmani&#8220; font_container=&#8220;tag:h2|text_align:center&#8220; use_theme_fonts=&#8220;yes&#8220;][vc_row_inner gap=&#8220;30&#8243; el_class=&#8220;container&#8220;][vc_column_inner el_class=&#8220;fotonaTreatment&#8220; width=&#8220;1\/4&#8243;][vc_single_image image=&#8220;644&#8243; img_size=&#8220;full&#8220; alignment=&#8220;center&#8220;][vc_column_text]<\/p>\n<h4 style=\"text-align: center;\">Terapija urinarne inkontinencije<\/h4>\n<p>[\/vc_column_text][\/vc_column_inner][vc_column_inner el_class=&#8220;fotonaTreatment&#8220; width=&#8220;1\/4&#8243;][vc_single_image image=&#8220;645&#8243; img_size=&#8220;full&#8220; alignment=&#8220;center&#8220;][vc_column_text]<\/p>\n<h4 style=\"text-align: center;\">Terapija zatezanja i podmla\u0111ivanja vagine<\/h4>\n<p>[\/vc_column_text][\/vc_column_inner][vc_column_inner el_class=&#8220;fotonaTreatment&#8220; width=&#8220;1\/4&#8243;][vc_single_image image=&#8220;646&#8243; img_size=&#8220;full&#8220; alignment=&#8220;center&#8220;][vc_column_text]<\/p>\n<h4 style=\"text-align: center;\">Terapija urogenitalnog sindroma u menopauzi \/ Terapija atrofije vagine i vulve<\/h4>\n<p>[\/vc_column_text][\/vc_column_inner][vc_column_inner el_class=&#8220;fotonaTreatment&#8220; width=&#8220;1\/4&#8243;][vc_single_image image=&#8220;647&#8243; img_size=&#8220;full&#8220; alignment=&#8220;center&#8220;][vc_column_text]<\/p>\n<h4 style=\"text-align: center;\">Terapija spada genitalnih organa<\/h4>\n<p>[\/vc_column_text][\/vc_column_inner][\/vc_row_inner][\/vc_column][\/vc_row][vc_row content_placement=&#8220;middle&#8220; el_class=&#8220;fotonaRow3 container&#8220;][vc_column width=&#8220;2\/3&#8243;][vc_tta_accordion color=&#8220;white&#8220; c_position=&#8220;right&#8220; active_section=&#8220;no&#8220; el_class=&#8220;fotonaFAQ&#8220; title=&#8220;\u010cesta pitanja&#8220;][vc_tta_section title=&#8220;Kako funkcioni\u0161u Fotona SMOOTH\u00ae tretmani?&#8220; tab_id=&#8220;1632386251260-1eece60f-eb2e&#8220;][vc_column_text]Tretmani deluju tako \u0161to stimuli\u0161u sopstveni regenerativni potencijal \u017eene. Laserski impulsi se isporu\u010duju u tkivo vagine proizvode\u0107i ne\u017ene toplotne impulse u sluzoko\u017ei, stimuli\u0161u\u0107i stvaranje novog kolagena i ja\u010daju\u0107i tako potporu zida vagine.[\/vc_column_text][\/vc_tta_section][vc_tta_section title=&#8220;Postoji li starosno ograni\u010denje za ove tretmane?&#8220; tab_id=&#8220;1632386251276-1f10f4e1-1f6f&#8220;][vc_column_text]Tretmani se preporu\u010duju odraslim \u017eenama svih uzrasta. Efikasnost tretmana mo\u017ee biti smanjena u poodmaklim godinama zbog smanjenog kapaciteta prirodnog procesa regeneracije tela, \u0161to je mehanizam koji stoji iza Fotona SMOOTH\u00ae procedura.[\/vc_column_text][\/vc_tta_section][vc_tta_section title=&#8220;Da li su \u017eene obavezne da obave ginekolo\u0161ki pregled pre po\u010detka le\u010denja?&#8220; tab_id=&#8220;1632386418648-24ec7d83-5bf8&#8243;][vc_column_text]Da, treba da konsultuju svog ginekologa i obave standardni ginekolo\u0161ki pregled, uklju\u010duju\u0107i Pap test, pre po\u010detka le\u010denja.[\/vc_column_text][\/vc_tta_section][vc_tta_section title=&#8220;Za koliko \u0107u videti rezultate?&#8220; tab_id=&#8220;1632386466516-761ce6df-ed2a&#8220;][vc_column_text]Rezultati se razlikuju od tela do tela, ali ve\u0107ina pacijenata prve razlike vidi odmah nakon tretmana, a op\u0161te pobolj\u0161anje ose\u0107a 1-2 meseca nakon zavr\u0161etka svake sesije.[\/vc_column_text][\/vc_tta_section][\/vc_tta_accordion][\/vc_column][vc_column width=&#8220;1\/3&#8243;][vc_single_image image=&#8220;648&#8243; img_size=&#8220;full&#8220; alignment=&#8220;center&#8220;][\/vc_column][\/vc_row]<\/p>\n<\/div>","protected":false},"excerpt":{"rendered":"<p>[vc_row full_width=&#8220;stretch_row_content_no_spaces&#8220; el_class=&#8220;breadcrumb&#8220;][vc_column][vc_column_text] Fotona Laser Smooth [\/vc_column_text][\/vc_column][\/vc_row][vc_row el_class=&#8220;container&#8220;][vc_column][vc_raw_html]JTNDaWZyYW1lJTIwd2lkdGglM0QlMjIxMDAlMjUlMjIlMjBoZWlnaHQlM0QlMjI2MDBweCUyMiUyMHNyYyUzRCUyMmh0dHBzJTNBJTJGJTJGd3d3LnlvdXR1YmUuY29tJTJGZW1iZWQlMkZKdUpHcGVMVkhKRSUzRiUyNmF1dG9wbGF5JTNEMSUyMiUyMHRpdGxlJTNEJTIyWW91VHViZSUyMHZpZGVvJTIwcGxheWVyJTIyJTIwZnJhbWVib3JkZXIlM0QlMjIwJTIyJTIwYWxsb3clM0QlMjJhY2NlbGVyb21ldGVyJTNCJTIwYXV0b3BsYXklM0IlMjBjbGlwYm9hcmQtd3JpdGUlM0IlMjBlbmNyeXB0ZWQtbWVkaWElM0IlMjBneXJvc2NvcGUlM0IlMjBwaWN0dXJlLWluLXBpY3R1cmUlMjIlMjBhbGxvd2Z1bGxzY3JlZW4lM0UlM0MlMkZpZnJhbWUlM0U=[\/vc_raw_html][\/vc_column][\/vc_row][vc_row content_placement=&#8220;middle&#8220; el_class=&#8220;fotonaRow1 container&#8220;][vc_column width=&#8220;1\/3&#8243;][vc_single_image image=&#8220;643&#8243; img_size=&#8220;full&#8220;][\/vc_column][vc_column width=&#8220;2\/3&#8243;][vc_column_text] Za\u0161to Fotona Smooth? Fotona SMOOTH\u00ae laserski tretmani nude ne\u017ena re\u0161enja za vaginalne problem kao \u0161to su nevoljno odila\u017eenje urina tokom ka\u0161lja i ve\u017ebanja, gubitak \u010dvrsto\u0107e vegine, suvo\u0107a i iritacija vagine. Zasnovani su na spacijalno projektovanom, patentiranom laserskom re\u017eimu koji funkcioni\u0161e [&hellip;]<\/p>\n","protected":false},"author":1,"featured_media":0,"parent":0,"menu_order":0,"comment_status":"closed","ping_status":"closed","template":"","meta":{"footnotes":""},"class_list":["post-642","page","type-page","status-publish","hentry"],"_links":{"self":[{"href":"https:\/\/www.davidovic-grigoraki.gr\/sr\/wp-json\/wp\/v2\/pages\/642","targetHints":{"allow":["GET"]}}],"collection":[{"href":"https:\/\/www.davidovic-grigoraki.gr\/sr\/wp-json\/wp\/v2\/pages"}],"about":[{"href":"https:\/\/www.davidovic-grigoraki.gr\/sr\/wp-json\/wp\/v2\/types\/page"}],"author":[{"embeddable":true,"href":"https:\/\/www.davidovic-grigoraki.gr\/sr\/wp-json\/wp\/v2\/users\/1"}],"replies":[{"embeddable":true,"href":"https:\/\/www.davidovic-grigoraki.gr\/sr\/wp-json\/wp\/v2\/comments?post=642"}],"version-history":[{"count":5,"href":"https:\/\/www.davidovic-grigoraki.gr\/sr\/wp-json\/wp\/v2\/pages\/642\/revisions"}],"predecessor-version":[{"id":1068,"href":"https:\/\/www.davidovic-grigoraki.gr\/sr\/wp-json\/wp\/v2\/pages\/642\/revisions\/1068"}],"wp:attachment":[{"href":"https:\/\/www.davidovic-grigoraki.gr\/sr\/wp-json\/wp\/v2\/media?parent=642"}],"curies":[{"name":"wp","href":"https:\/\/api.w.org\/{rel}","templated":true}]}}