{"id":475,"date":"2021-07-29T11:23:37","date_gmt":"2021-07-29T08:23:37","guid":{"rendered":"https:\/\/miona.happyoffline.eu\/?page_id=475"},"modified":"2021-11-19T16:01:05","modified_gmt":"2021-11-19T13:01:05","slug":"second-opinion","status":"publish","type":"page","link":"https:\/\/www.davidovic-grigoraki.gr\/sr\/second-opinion\/","title":{"rendered":"Drugo mi\u0161ljenje"},"content":{"rendered":"<div class=\"wpb-content-wrapper\"><p>[vc_row full_width=&#8220;stretch_row_content_no_spaces&#8220; el_class=&#8220;breadcrumb&#8220;][vc_column][vc_column_text]<\/p>\n<h2 style=\"text-align: center;\">Drugo mi\u0161ljenje<\/h2>\n<p style=\"text-align: center;\"><a href=\"\/sr\">Po\u010detna <\/a>> <a href=\"\/second-opinion\/\">Drugo mi\u0161ljenje<\/a><\/p>\n<p>[\/vc_column_text][\/vc_column][\/vc_row][vc_row el_class=&#8220;container innerServiceRow&#8220;][vc_column width=&#8220;3\/4&#8243;][vc_single_image image=&#8220;476&#8243; img_size=&#8220;full&#8220;][vc_column_text el_class=&#8220;innerServiceTextArea1&#8243;]<\/p>\n<h1>Drugo mi\u0161ljenje<\/h1>\n<p>\u201cDrugo mi\u0161ljenje\u201c zna\u010di tra\u017eiti mi\u0161ljenje lekara koji nije trenutni lekar pacijenta. Tra\u017eenje drugog mi\u0161ljenja je legitimno pravo svake osobe.<\/p>\n<p>Nije neuobi\u010dajeno da pacijenti jednostavno prihvate \u00a0dijagnozu i plan le\u010denja jer mnogi veruju da lekari treba da budu dobro upu\u0107eni u sve aspekte medicine. Me\u0111utim, nemogu\u0107e je da bilo koji lekar bude ve\u0161t u svakoj oblasti medicine. Neki lekari porovode \u010ditav radni vek prou\u010davaju\u0107i i istra\u017euju\u0107i simptome i tretmane samo jednog poreme\u0107aja, \u010dak u okviru razli\u010ditih specijalizacija.<\/p>\n<p>Dr Davidovi\u0107-Grigoraki je ginekolog sa aktivnom lekarskom praksom i sa preko 18 godina klini\u010dkog iskustva. Poseduje i subspecijalizaciju iz ginekolo\u0161ke onkologije (akreditovani je subspecijalista ESGO) \u0161to je \u010dini stru\u010dnom u savetovanju o najboljoj opciji le\u010denja u ovoj oblasti.[\/vc_column_text][vc_column_text el_class=&#8220;innerServiceTextArea2&#8243;]<\/p>\n<h4>Kada treba tra\u017eiti drugo mi\u0161ljenje?<\/h4>\n<ul>\n<li>Ako niste sigurni u vezi sa predlo\u017eenim medicinskim tretmanom ili dijagnozom, ako niste zadovoljni preporukama. Nakon dobijanja drugog lekarskog mi\u0161ljenja, mo\u017eda \u0107ete imati vi\u0161e informacija o tome koje su opcije najbolje za vas.<\/li>\n<li>Ako je preporu\u010deni tretman rizi\u010dan, ako uklju\u010duje operaciju, ako je invazivan ili ima do\u017eivotne posledice. Nije pametno pristati na operaciju ili neku drugu invazivnu proceduru a da sa lekarom niste podrobno razgovarali o svim mogu\u0107nostima koje su tako\u0111e dobre za vas. Npr. postoje stanja koja se mogu le\u010diti na vi\u0161e na\u010dina, a operacija je samo jedan od izbora.<\/li>\n<li>Ako ste le\u010deni, a simptomi i dalje postoje. Niko ne poznaje va\u0161e telo bolje od vas. Ako va\u0161i simptomi preyistiraju i nakon le\u010denja, mo\u017eda je vreme da potra\u017eite savet drugog lekara ili drugog specijaliste.<\/li>\n<\/ul>\n<p>[\/vc_column_text][\/vc_column][vc_column width=&#8220;1\/4&#8243; el_class=&#8220;innerServiceSidemenu&#8220;][vc_widget_sidebar sidebar_id=&#8220;sidebar-2&#8243;][vc_widget_sidebar sidebar_id=&#8220;sidebar-3&#8243;][\/vc_column][\/vc_row][vc_row][vc_column][vc_separator color=&#8220;custom&#8220; el_width=&#8220;80&#8243; accent_color=&#8220;#9b9b9b&#8220;][\/vc_column][\/vc_row]<\/p>\n<\/div>","protected":false},"excerpt":{"rendered":"<p>[vc_row full_width=&#8220;stretch_row_content_no_spaces&#8220; el_class=&#8220;breadcrumb&#8220;][vc_column][vc_column_text] Drugo mi\u0161ljenje Po\u010detna > Drugo mi\u0161ljenje [\/vc_column_text][\/vc_column][\/vc_row][vc_row el_class=&#8220;container innerServiceRow&#8220;][vc_column width=&#8220;3\/4&#8243;][vc_single_image image=&#8220;476&#8243; img_size=&#8220;full&#8220;][vc_column_text el_class=&#8220;innerServiceTextArea1&#8243;] Drugo mi\u0161ljenje \u201cDrugo mi\u0161ljenje\u201c zna\u010di tra\u017eiti mi\u0161ljenje lekara koji nije trenutni lekar pacijenta. Tra\u017eenje drugog mi\u0161ljenja je legitimno pravo svake osobe. Nije neuobi\u010dajeno da pacijenti jednostavno prihvate \u00a0dijagnozu i plan le\u010denja jer mnogi veruju da lekari treba da budu [&hellip;]<\/p>\n","protected":false},"author":1,"featured_media":0,"parent":0,"menu_order":0,"comment_status":"closed","ping_status":"closed","template":"","meta":{"footnotes":""},"class_list":["post-475","page","type-page","status-publish","hentry"],"_links":{"self":[{"href":"https:\/\/www.davidovic-grigoraki.gr\/sr\/wp-json\/wp\/v2\/pages\/475","targetHints":{"allow":["GET"]}}],"collection":[{"href":"https:\/\/www.davidovic-grigoraki.gr\/sr\/wp-json\/wp\/v2\/pages"}],"about":[{"href":"https:\/\/www.davidovic-grigoraki.gr\/sr\/wp-json\/wp\/v2\/types\/page"}],"author":[{"embeddable":true,"href":"https:\/\/www.davidovic-grigoraki.gr\/sr\/wp-json\/wp\/v2\/users\/1"}],"replies":[{"embeddable":true,"href":"https:\/\/www.davidovic-grigoraki.gr\/sr\/wp-json\/wp\/v2\/comments?post=475"}],"version-history":[{"count":5,"href":"https:\/\/www.davidovic-grigoraki.gr\/sr\/wp-json\/wp\/v2\/pages\/475\/revisions"}],"predecessor-version":[{"id":1174,"href":"https:\/\/www.davidovic-grigoraki.gr\/sr\/wp-json\/wp\/v2\/pages\/475\/revisions\/1174"}],"wp:attachment":[{"href":"https:\/\/www.davidovic-grigoraki.gr\/sr\/wp-json\/wp\/v2\/media?parent=475"}],"curies":[{"name":"wp","href":"https:\/\/api.w.org\/{rel}","templated":true}]}}