{"id":467,"date":"2021-07-29T11:14:14","date_gmt":"2021-07-29T08:14:14","guid":{"rendered":"https:\/\/miona.happyoffline.eu\/?page_id=467"},"modified":"2021-11-19T15:56:50","modified_gmt":"2021-11-19T12:56:50","slug":"urinary-incontinence-treatment","status":"publish","type":"page","link":"https:\/\/www.davidovic-grigoraki.gr\/sr\/urinary-incontinence-treatment\/","title":{"rendered":"Terapija inkontinencije"},"content":{"rendered":"<div class=\"wpb-content-wrapper\"><p>[vc_row full_width=&#8220;stretch_row_content_no_spaces&#8220; el_class=&#8220;breadcrumb&#8220;][vc_column][vc_column_text]<\/p>\n<h2 style=\"text-align: center;\">Terapija inkontinencije<\/h2>\n<p style=\"text-align: center;\"><a href=\"\/sr\">Po\u010detna <\/a>> <a href=\"\/urinary-incontinence-treatment\/\">Terapija inkontinencije<\/a><\/p>\n<p>[\/vc_column_text][\/vc_column][\/vc_row][vc_row el_class=&#8220;container innerServiceRow&#8220;][vc_column width=&#8220;3\/4&#8243;][vc_single_image image=&#8220;468&#8243; img_size=&#8220;full&#8220;][vc_column_text el_class=&#8220;innerServiceTextArea1&#8243;]<\/p>\n<h1>Terapija inkontinencije<\/h1>\n<p>Inkontinencija mokra\u0107e je vrlo\u00a0 u\u010destao problem. Tri od deset \u017eena pate od inkontinencije. Ve\u0107ina njih su aktivne \u017eene, srednjih godina, a ne starije \u017eene kako mnogi veruju.<\/p>\n<p>Ukoliko imate ovaj problem, postoje tretmani koji vam mogu pomo\u0107i. Postoje i mere koje mo\u017eete sami preduzeti kako biste zaustavili ili smanjili nevoljno odila\u017eenje mokra\u0107e, tako da inkontinenciju ne trebate prihvatati kao &#8222;neizbe\u017ean problem sa kojim treba \u017eiveti&#8220;.<\/p>\n<p>U na\u0161oj ordinaciji nudimo vam specifi\u010dni tretman inkontinencije pomo\u0107u TESLA Care aparata, koriste\u0107i posebnu tehnologiju funkcionalne magnetske stimulacije (FMS), kao i najnoviju laser tehnologiju Fotona IncontiLase[\/vc_column_text][vc_column_text el_class=&#8220;innerServiceTextArea2&#8243;]<\/p>\n<h3>Pitanja i odgovori o Terapija inkontinencije<\/h3>\n<h4>\u0160ta je urinarna inkontinencija?<\/h4>\n<p>&#8211; &#8222;Urinarna inkontinencija&#8220; je medicinski izraz koji predstavlja gubitak kontrole nad mokra\u0107nom be\u0161ikom, \u0161to dovodi do nevoljnog odila\u017eenja urina.<\/p>\n<p>\u010cest je i \u010desto neugodan problem \u017eena koji mo\u017ee varirati od povremenog gubitka mokra\u0107e kada ka\u0161ljete ili kijate do iznenadne i intenzivne potrebe za mokrenjem do momenta kada ne stignete do\u0107i na vreme do toaleta.<\/p>\n<h4>Koji su simptomi urinarne inkontinencije?<\/h4>\n<p>\u2013Postoje razli\u010dite vrste inkontinencije i svaka od njih uzrokuje razli\u010dite simptome. Tri naj\u010de\u0161\u0107e vrste su:<\/p>\n<ul>\n<li>Stres inkontinencija \u2013 Ovo je naj\u010de\u0161\u010di tip inkontinencije. Osobama koje imaju stres inkontineciju de\u0161ava se odila\u017eenje urina kada se smeju, kijaju, ka\u0161lju ili podi\u017eu teret. Fizi\u010dke promene koje prate trudno\u0107u, poro\u0111aj i menopauzu tako\u0111e su \u010dest uzrok stres inkontinencije. Danas se ova vresta inkontinencije lako i uspe\u0161no le\u010di.<\/li>\n<li>Urgentna inkontinencija \u2013 Osobe sa urgentnom inkontinencijom iznenada osete sna\u017enu potrebu za mokrenjem. Nagon \u010desto mo\u017ee biti toliko jak da ne uspevaju na vreme sti\u0107i do toaleta. Pojedine \u017eene imaju potrebu za hitnim mokrenjem, ali bez nevoljnog umokravanja. Jo\u0161 jedan izraz koji koristimo za ovo stanje je \u201cprekomerno aktivna be\u0161ika\u201d. Prekomerno aktivna be\u0161ika se javlja kada nervi \u00a0u pogre\u0161no vreme \u0161alju signale mokra\u0107noj be\u0161ici zbog \u010dega se be\u0161ika kontrahuje bez prethodnog upozorenja. \u017dene s ovim problemom mokre 8 ili vi\u0161e puta tokom dana ili 2 ili vi\u0161e puta tokom no\u0107i. Nevoljno odila\u017eenje urina mo\u017ee, ali i ne mora biti njihova dodatna tegoba.<\/li>\n<li>Me\u0161ovita inkontinencija &#8211; osobe s me\u0161ovitom inkontinencijom imaju simptome i stres i urgentne inkontinencije.<\/li>\n<\/ul>\n<p>Ostale, manje u\u0161estale urinarne inkontinencije su: \u0399nkontinencija uslovljena prekomernim punjenjem (prelivaju\u0107a inkontinencija) doga\u0111a se kada se mokra\u0107na be\u0161ika ne prazni normalno \u0161to rezultira nenamernim mokrenjem. Medicinski problemi koji uti\u010du na nervni sistem (npr. problemi sa kretanjem i komunikacijom) mogu imati za posledicu funkcionalnu inkontinenciju. Privremena inkontinencija mo\u017ee biti uzrokovana lekovima, infekcijama mokra\u0107ne be\u0161ike, mentalnom retardacijom, ali i te\u0161kim zatvorom. Postoji i inkontinencija uslovljena postojanjem urinarne fistule, ektopi\u010dnog uretera, urinarnog divertikulima, odnosno u stanjima i bolestima urogenitalnog trakta koji su povezani sa anatomskim o\u0161te\u0107enjima urinarnih puteva.<\/p>\n<h4>Mogu li i\u0161ta u\u010diniti sama da umanjim problem inkontinencije?<\/h4>\n<p>&#8211; Da. Evo nekoliko koraka koji mogu pomo\u0107i u smanjenju odila\u017eenja urina:<\/p>\n<ul>\n<li>Smanjite koli\u010dinu te\u010dnosti koju pijete, posebno nekoliko sati pre spavanja.<\/li>\n<li>Smanjite upotrebu alkohola, kofeina ili za\u010dinjene ili kisele hrane, jer ove supstance iritiraju be\u0161iku i mogu pogor\u0161avati simptome.<\/li>\n<li>Ako imate prekomernu te\u017einu, trebalo bi da smr\u0161ate.<\/li>\n<li>Ako imate dijabetes, odr\u017eavajte \u0161e\u0107er u krvi u normalnim granicama \u0161to je vi\u0161e mogu\u0107e.<\/li>\n<li>Ako uzimate lekove koji se zovu diuretici, planirajte njihovo uzimanje unapred. Ovi lekovi pove\u0107avaju potrebu za mokrenjem, zato ih uzimajte kad znate da \u0107ete nekoliko sati biti u blizini toaleta.<\/li>\n<\/ul>\n<p>Slede\u0107e tehnike tako\u0111e mogu pomo\u0107i u pobolj\u0161anju kontrole mokra\u0107ne be\u0161ike:<\/p>\n<ul>\n<li>Treniranje mokra\u0107ne be\u0161ike \u2013 Tokom treninga mokra\u0107ne be\u0161ike odlazite u toalet u zakazano vreme. Na primer, mo\u017eete odlu\u010diti da idete svakih sat vremena. Oti\u0107i \u0107ete u toalet svakih sat vremena \u010dak i ako ne ose\u0107ate da trebate. Tako\u0111e ako ose\u0107ate da treba da idete u toalet ranije poku\u0161a\u0107ete sa\u010dekati da pro\u0111e ceo sat. Kad se naviknete i\u0107i svakih sat vremena, pove\u0107a\u0107ete vreme koje ste \u010dekali izme\u0111u poseta toaletu. Vremenom mo\u017eete istrenirati svoju be\u0161iku da sa\u010dekate 3 ili 4 sata izme\u0111u poseta toaletu.<\/li>\n<li>Ve\u017ebe za karli\u010dne mi\u0161i\u0107e ili Kegelove ve\u017ebe &#8211; ja\u010daju mi\u0161i\u0107e koji kontroli\u0161u protok mokra\u0107e. Te ve\u017ebe mogu pomo\u0107i ukoliko se izvode pravilno.<\/li>\n<\/ul>\n<h4>Kako se le\u010di inkontinencija?<\/h4>\n<p>&#8211; Mogu\u0107nosti le\u010denja razlikuju se zavisno od vrste inkontinencije. Neke od mogu\u0107nosti le\u010denja uklju\u010duju:<\/p>\n<ul>\n<li>Konzervativni tretman inkontinencije pomo\u0107u TESLA Care, koriste\u0107i posebnu tehnologiju funkcionalne magnetne stimulacije (FMS).<\/li>\n<li>Fotona IncontiLase je laserski tretman stress inkontinencije urina.<\/li>\n<li>Lekovi za opu\u0161tanje be\u0161ike<\/li>\n<li>Operacija za popravak tkiva koje podupire mokra\u0107nu be\u0161iku ili za pobolj\u0161anje protoka urina<\/li>\n<li>Elektri\u010dna ili magnetna stimulacija nerava koja opu\u0161taju be\u0161iku.<\/li>\n<\/ul>\n<p>Mnogi ljudi s inkontinencijom mogu povratiti kontrolu nad mokra\u0107nom be\u0161ikom ili barem smanjiti koli\u010dinu oticanja urina koju imaju. Klju\u010dno je razgovarati o tome sa va\u0161im ginekologom, a potom zajedno sa njom prona\u0107i terapiju ili metod koji \u0107e vam pomo\u0107i.[\/vc_column_text][\/vc_column][vc_column width=&#8220;1\/4&#8243; el_class=&#8220;innerServiceSidemenu&#8220;][vc_widget_sidebar sidebar_id=&#8220;sidebar-2&#8243;][vc_widget_sidebar sidebar_id=&#8220;sidebar-3&#8243;][\/vc_column][\/vc_row][vc_row][vc_column][vc_separator color=&#8220;custom&#8220; el_width=&#8220;80&#8243; accent_color=&#8220;#9b9b9b&#8220;][\/vc_column][\/vc_row]<\/p>\n<\/div>","protected":false},"excerpt":{"rendered":"<p>[vc_row full_width=&#8220;stretch_row_content_no_spaces&#8220; el_class=&#8220;breadcrumb&#8220;][vc_column][vc_column_text] Terapija inkontinencije Po\u010detna > Terapija inkontinencije [\/vc_column_text][\/vc_column][\/vc_row][vc_row el_class=&#8220;container innerServiceRow&#8220;][vc_column width=&#8220;3\/4&#8243;][vc_single_image image=&#8220;468&#8243; img_size=&#8220;full&#8220;][vc_column_text el_class=&#8220;innerServiceTextArea1&#8243;] Terapija inkontinencije Inkontinencija mokra\u0107e je vrlo\u00a0 u\u010destao problem. Tri od deset \u017eena pate od inkontinencije. Ve\u0107ina njih su aktivne \u017eene, srednjih godina, a ne starije \u017eene kako mnogi veruju. Ukoliko imate ovaj problem, postoje tretmani koji vam mogu pomo\u0107i. [&hellip;]<\/p>\n","protected":false},"author":1,"featured_media":0,"parent":0,"menu_order":0,"comment_status":"closed","ping_status":"closed","template":"","meta":{"footnotes":""},"class_list":["post-467","page","type-page","status-publish","hentry"],"_links":{"self":[{"href":"https:\/\/www.davidovic-grigoraki.gr\/sr\/wp-json\/wp\/v2\/pages\/467","targetHints":{"allow":["GET"]}}],"collection":[{"href":"https:\/\/www.davidovic-grigoraki.gr\/sr\/wp-json\/wp\/v2\/pages"}],"about":[{"href":"https:\/\/www.davidovic-grigoraki.gr\/sr\/wp-json\/wp\/v2\/types\/page"}],"author":[{"embeddable":true,"href":"https:\/\/www.davidovic-grigoraki.gr\/sr\/wp-json\/wp\/v2\/users\/1"}],"replies":[{"embeddable":true,"href":"https:\/\/www.davidovic-grigoraki.gr\/sr\/wp-json\/wp\/v2\/comments?post=467"}],"version-history":[{"count":5,"href":"https:\/\/www.davidovic-grigoraki.gr\/sr\/wp-json\/wp\/v2\/pages\/467\/revisions"}],"predecessor-version":[{"id":1170,"href":"https:\/\/www.davidovic-grigoraki.gr\/sr\/wp-json\/wp\/v2\/pages\/467\/revisions\/1170"}],"wp:attachment":[{"href":"https:\/\/www.davidovic-grigoraki.gr\/sr\/wp-json\/wp\/v2\/media?parent=467"}],"curies":[{"name":"wp","href":"https:\/\/api.w.org\/{rel}","templated":true}]}}