{"id":463,"date":"2021-07-29T11:09:54","date_gmt":"2021-07-29T08:09:54","guid":{"rendered":"https:\/\/miona.happyoffline.eu\/?page_id=463"},"modified":"2021-11-19T16:20:32","modified_gmt":"2021-11-19T13:20:32","slug":"labiaplasty","status":"publish","type":"page","link":"https:\/\/www.davidovic-grigoraki.gr\/sr\/labiaplasty\/","title":{"rendered":"Estetska ginekologija"},"content":{"rendered":"<div class=\"wpb-content-wrapper\"><p>[vc_row full_width=&#8220;stretch_row_content_no_spaces&#8220; el_class=&#8220;breadcrumb&#8220;][vc_column][vc_column_text]<\/p>\n<h2 style=\"text-align: center;\">Estetska ginekologija<\/h2>\n<p style=\"text-align: center;\"><a href=\"\/sr\">Po\u010detna <\/a>> <a href=\"\/labiaplasty\/\">Estetska ginekologija<\/a><\/p>\n<p>[\/vc_column_text][\/vc_column][\/vc_row][vc_row el_class=&#8220;container innerServiceRow&#8220;][vc_column width=&#8220;3\/4&#8243;][vc_single_image image=&#8220;1175&#8243; img_size=&#8220;full&#8220;][vc_column_text el_class=&#8220;innerServiceTextArea1&#8243;]<\/p>\n<h1>Estetska ginekologija<\/h1>\n<p>Estetska ginekologija je podru\u010dje sa sve ve\u0107im interesovanjem i potra\u017enjom od strane \u017eena.<\/p>\n<p>Ve\u0107ina \u017eena se odlu\u010duje za tretmane kako bi pobolj\u0161ala svoju spolja\u0161nju lepotu i intimni \u017eivot. Sa napretkom medicinske tehnologije sada je mogu\u0107e izmeniti, ispraviti i ukloniti ne\u017eeljene elemente sa tela sa ve\u0107om precizno\u0161\u0107u, sigurno\u0161\u0107u i za kratko vreme. Zna\u010dajno je porasla popularnost nehirur\u0161kih zahvata upotrebom lasera u ginekologiji.<\/p>\n<p>U na\u0161oj ordinaciji nudimo nehirur\u0161ka i hirur\u0161ka re\u0161enja za usluge estetske ginekologije.<\/p>\n<p>Za<strong>\u00a0 nehirur\u0161ke tehnike<\/strong> koristimo aparate novih tehnologija, visokog kvaliteta i proverenih proizvo\u0111a\u010da. To su Fotona SMOOTH\u2122 laser i TeslaCare FMS magnetna stolica.[\/vc_column_text][vc_column_text el_class=&#8220;innerServiceTextArea2&#8243;]<\/p>\n<h3>Fotona SMOOTH\u2122 laser<\/h3>\n<p>Fotona SMOOTH\u2122 je neinvazivna neablativna laserska procedura koja se koristi za le\u010denje uobi\u010dajenih \u017eenskih problema:<\/p>\n<ul>\n<li>Stres urinarna inkontinencija<\/li>\n<li>Spad ginekolo\u0161kih organa<\/li>\n<li>Neelasti\u010dna i pro\u0161irena vagina<\/li>\n<li>Problemi urogenitalnog trakta izazvani menopauzom<\/li>\n<li>Rehabilitacija nakon poro\u0111aja<\/li>\n<li>Suvo\u0107a vagine, iritabilnost i dispareunija<\/li>\n<li>Ponavljaju\u0107e infekcije<\/li>\n<\/ul>\n<p>Ove vrste \u017eenskih problema proisti\u010du iz menopauze i nedostatka hormona povezanih sa terapijom karcinoma ili iz uslova nastalih nakon poro\u0111aja.\u00a0 Ono \u0161to FotonaSmooth\u2122 laser \u010dini toliko popularnim me\u0111u \u017eenama jeste \u010dinjenica da se radi o jednostavnim ambulantnim procedurama bez anestezije koje traju kratko i postojanje velikog zadovaoljstva pacijenata u\u010dinkom.<\/p>\n<p>Druge nehirur\u0161ke usluge koje vam omogu\u0107ava FotonaSmooth\u2122 laser su:<\/p>\n<ul>\n<li>Pobolj\u0161anje izgleda pigmentirane spolja\u0161nje genitalije<\/li>\n<li>Le\u010denje krauroze I vulvovaginalne atrofije<\/li>\n<li>Le\u010denje Lichen sclerosus-a (skleroatrofi\u010dnog li\u0161aja) vulve<\/li>\n<li>Le\u010denje dispareunije (bolnih odnosa) nakon epiziotomije tokom poro\u0111aja<\/li>\n<li>Aktiviranje \u017eenskog orgazma i \u017eenske seksualnosti<\/li>\n<\/ul>\n<h3>TeslaCare FMS magnetna stolica<\/h3>\n<p>TeslaCare magnetna stolica je ure\u0111aj za le\u010denje karli\u010dnog dna i urinarne inkontinencije pomo\u0107u posebne FMS tehnologije \u2013Funkcionalna magnetna stimulacija. FMS tretman pove\u0107ava snagu i izdr\u017eljivost mi\u0161i\u010da karli\u010dnog dna. Izuzetno je efikasan i obezbe\u0111uje\u00a0 dugotrajno olak\u0161anje nekontrolisanog odila\u017eenja urina. Pored terapije urinarne inkontinencije slu\u017ei i za terapiju:<\/p>\n<ul>\n<li>Svih vidova inkontinencije urina i stolice<\/li>\n<li>Spada materice<\/li>\n<li>Bolova u karlici<\/li>\n<li>Seksualne disfunkcije<\/li>\n<li>Hemoroida<\/li>\n<li>Rehabilitacija nakon ginekolo\u0161kih i urolo\u0161kih operacija u karlici<\/li>\n<li>Rehabilitacija nakon poro\u0111aja<\/li>\n<\/ul>\n<p><strong>Hirur\u0161ka re\u0161enja za usluge estetske ginekologije <\/strong>su labioplastika, redukcija pokrovne ko\u017eice klitorisa, vaginoplastika i perineoplastika.<\/p>\n<p>Otkrijte idealno re\u0161enje za svoje \u017eenske brige tako \u0161to \u0107ete zakazati konsultaciju sa dr Davidovi\u0107-Grigoraki.[\/vc_column_text][\/vc_column][vc_column width=&#8220;1\/4&#8243; el_class=&#8220;innerServiceSidemenu&#8220;][vc_widget_sidebar sidebar_id=&#8220;sidebar-2&#8243;][vc_widget_sidebar sidebar_id=&#8220;sidebar-3&#8243;][\/vc_column][\/vc_row][vc_row][vc_column][vc_separator color=&#8220;custom&#8220; el_width=&#8220;80&#8243; accent_color=&#8220;#9b9b9b&#8220;][\/vc_column][\/vc_row]<\/p>\n<\/div>","protected":false},"excerpt":{"rendered":"<p>[vc_row full_width=&#8220;stretch_row_content_no_spaces&#8220; el_class=&#8220;breadcrumb&#8220;][vc_column][vc_column_text] Estetska ginekologija Po\u010detna > Estetska ginekologija [\/vc_column_text][\/vc_column][\/vc_row][vc_row el_class=&#8220;container innerServiceRow&#8220;][vc_column width=&#8220;3\/4&#8243;][vc_single_image image=&#8220;1175&#8243; img_size=&#8220;full&#8220;][vc_column_text el_class=&#8220;innerServiceTextArea1&#8243;] Estetska ginekologija Estetska ginekologija je podru\u010dje sa sve ve\u0107im interesovanjem i potra\u017enjom od strane \u017eena. Ve\u0107ina \u017eena se odlu\u010duje za tretmane kako bi pobolj\u0161ala svoju spolja\u0161nju lepotu i intimni \u017eivot. Sa napretkom medicinske tehnologije sada je mogu\u0107e izmeniti, ispraviti [&hellip;]<\/p>\n","protected":false},"author":1,"featured_media":0,"parent":0,"menu_order":0,"comment_status":"closed","ping_status":"closed","template":"","meta":{"footnotes":""},"class_list":["post-463","page","type-page","status-publish","hentry"],"_links":{"self":[{"href":"https:\/\/www.davidovic-grigoraki.gr\/sr\/wp-json\/wp\/v2\/pages\/463","targetHints":{"allow":["GET"]}}],"collection":[{"href":"https:\/\/www.davidovic-grigoraki.gr\/sr\/wp-json\/wp\/v2\/pages"}],"about":[{"href":"https:\/\/www.davidovic-grigoraki.gr\/sr\/wp-json\/wp\/v2\/types\/page"}],"author":[{"embeddable":true,"href":"https:\/\/www.davidovic-grigoraki.gr\/sr\/wp-json\/wp\/v2\/users\/1"}],"replies":[{"embeddable":true,"href":"https:\/\/www.davidovic-grigoraki.gr\/sr\/wp-json\/wp\/v2\/comments?post=463"}],"version-history":[{"count":5,"href":"https:\/\/www.davidovic-grigoraki.gr\/sr\/wp-json\/wp\/v2\/pages\/463\/revisions"}],"predecessor-version":[{"id":1178,"href":"https:\/\/www.davidovic-grigoraki.gr\/sr\/wp-json\/wp\/v2\/pages\/463\/revisions\/1178"}],"wp:attachment":[{"href":"https:\/\/www.davidovic-grigoraki.gr\/sr\/wp-json\/wp\/v2\/media?parent=463"}],"curies":[{"name":"wp","href":"https:\/\/api.w.org\/{rel}","templated":true}]}}