{"id":459,"date":"2021-07-29T11:06:25","date_gmt":"2021-07-29T08:06:25","guid":{"rendered":"https:\/\/miona.happyoffline.eu\/?page_id=459"},"modified":"2021-11-19T15:46:54","modified_gmt":"2021-11-19T12:46:54","slug":"laparoscopy","status":"publish","type":"page","link":"https:\/\/www.davidovic-grigoraki.gr\/sr\/laparoscopy\/","title":{"rendered":"Laparoskopija"},"content":{"rendered":"<div class=\"wpb-content-wrapper\"><p>[vc_row full_width=&#8220;stretch_row_content_no_spaces&#8220; el_class=&#8220;breadcrumb&#8220;][vc_column][vc_column_text]<\/p>\n<h2 style=\"text-align: center;\">Laparoskopija<\/h2>\n<p style=\"text-align: center;\"><a href=\"\/sr\">Po\u010detna <\/a>> <a href=\"\/laparoscopy\/\">Laparoskopija<\/a><\/p>\n<p>[\/vc_column_text][\/vc_column][\/vc_row][vc_row el_class=&#8220;container innerServiceRow&#8220;][vc_column width=&#8220;3\/4&#8243;][vc_single_image image=&#8220;460&#8243; img_size=&#8220;full&#8220;][vc_column_text el_class=&#8220;innerServiceTextArea1&#8243;]<\/p>\n<h1>Laparoskopija<\/h1>\n<p>Laparoskopija nije novi hirur\u0161ki pristup, ali se njena primena znatno pro\u0161irila u poslednjih 20 godina, omogu\u0107iv\u0161i nam da dijagnostikujemo i le\u010dimo na manje invazivan na\u010din. Na\u0161im pacijentima nudimo minimalno invazivno re\u0161enje, kad god nam ginekolo\u0161ko stanje to dopu\u0161ta. Ukoliko \u017eelite saznati vi\u0161e zaka\u017eite konsultaciju u na\u0161oj ginekolo\u0161koj ordinaciji ili online konsultaciju.[\/vc_column_text][vc_column_text el_class=&#8220;innerServiceTextArea2&#8243;]<\/p>\n<h3>Pitanja i odgovori o laparoskopiji<\/h3>\n<h4>\u0160ta je laparoskopija?<\/h4>\n<p>Laparoskopija je hirur\u0161ka tehnika kojom kroz nekoliko malih rezova na trbuhu obavljamo dijagnosti\u010dke i terapijske operacije. Operaciju zapo\u010dinjemo pravljenjem malog reza naj\u010de\u0161\u0107e u predelu pupka, dovoljnog da kroz njega pro\u0111e opti\u010dki instrument. Opti\u010dki instrument se sastoji od duge tanke cevi sa si\u0107u\u0161nom kamerom i svetlom na kraju. Kamera \u0161alje slike iz unutra\u0161njosti\u00a0 tela na TV ekran.\u00a0 Potom pod kontrolom kamere na\u010dinimo 2 ili vi\u0161e drugih malih rezova kroz koje mogu pro\u0107i drugi tanki instrumenti. Operaciju izvodimo koriste\u0107i te instrumente, dok ih sve vreme\u00a0 gledamo na TV ekranu.<\/p>\n<h4>Gde mo\u017eemo koristiti laparoskopiju?<\/h4>\n<p>Laparoskopiju koristimo za procenu i dijagnozu \u0161irokog spektra ginekolo\u0161kih problema. Nakon dijagnoze laparoskopskim tehnikama mo\u017eemo operisati ginekolo\u0161ke organe, uzeti potrebne biopsije, odstraniti vanmateri\u010dnu trudno\u0107u itd.<\/p>\n<h4>Koje su prednosti laparoskopije?<\/h4>\n<p>Laparoskopija \u00a0je generalno posmatrano manje invazivna u odnosu na otvorenu operaciju, nosi manji rizik od infekcije, postoperativni oporavak je br\u017ei, manje je o\u0161te\u0107enje tkiva, manje boli, manje je o\u017eiljaka, kra\u0107e se zadr\u017eavate u bolnici.<\/p>\n<h4>Mogu li pacijenti uvek odabrati laparoskopsku operaciju?<\/h4>\n<p>&#8211; Ne. Mnogi se postupci sada mogu obaviti minimalno invazivnim pristupom tj. laparoskopijom, ali nije uvek na pacijentu da odabere koju \u0107emo operaciju obaviti. Na primer postoje ginekolo\u0161ko-onkolo\u0161ke operacije koje obavljamo otvorenim operacijama radi bolje prognoze pacijenta.\u00a0 Sa na\u0161im pacijentima uvek detaljno razgovaramo o medicinskom problemu, o planu le\u010denja, o vrstama hirur\u0161kog le\u010denja koji nam stoje na raspolaganju. Odluka o le\u010denju i hirur\u0161kom pristupu je uvek zajedni\u010dka i uvek u interesu pacijenta.[\/vc_column_text][\/vc_column][vc_column width=&#8220;1\/4&#8243; el_class=&#8220;innerServiceSidemenu&#8220;][vc_widget_sidebar sidebar_id=&#8220;sidebar-2&#8243;][vc_widget_sidebar sidebar_id=&#8220;sidebar-3&#8243;][\/vc_column][\/vc_row][vc_row][vc_column][vc_separator color=&#8220;custom&#8220; el_width=&#8220;80&#8243; accent_color=&#8220;#9b9b9b&#8220;][\/vc_column][\/vc_row]<\/p>\n<\/div>","protected":false},"excerpt":{"rendered":"<p>[vc_row full_width=&#8220;stretch_row_content_no_spaces&#8220; el_class=&#8220;breadcrumb&#8220;][vc_column][vc_column_text] Laparoskopija Po\u010detna > Laparoskopija [\/vc_column_text][\/vc_column][\/vc_row][vc_row el_class=&#8220;container innerServiceRow&#8220;][vc_column width=&#8220;3\/4&#8243;][vc_single_image image=&#8220;460&#8243; img_size=&#8220;full&#8220;][vc_column_text el_class=&#8220;innerServiceTextArea1&#8243;] Laparoskopija Laparoskopija nije novi hirur\u0161ki pristup, ali se njena primena znatno pro\u0161irila u poslednjih 20 godina, omogu\u0107iv\u0161i nam da dijagnostikujemo i le\u010dimo na manje invazivan na\u010din. Na\u0161im pacijentima nudimo minimalno invazivno re\u0161enje, kad god nam ginekolo\u0161ko stanje to dopu\u0161ta. Ukoliko \u017eelite [&hellip;]<\/p>\n","protected":false},"author":1,"featured_media":0,"parent":0,"menu_order":0,"comment_status":"closed","ping_status":"closed","template":"","meta":{"footnotes":""},"class_list":["post-459","page","type-page","status-publish","hentry"],"_links":{"self":[{"href":"https:\/\/www.davidovic-grigoraki.gr\/sr\/wp-json\/wp\/v2\/pages\/459","targetHints":{"allow":["GET"]}}],"collection":[{"href":"https:\/\/www.davidovic-grigoraki.gr\/sr\/wp-json\/wp\/v2\/pages"}],"about":[{"href":"https:\/\/www.davidovic-grigoraki.gr\/sr\/wp-json\/wp\/v2\/types\/page"}],"author":[{"embeddable":true,"href":"https:\/\/www.davidovic-grigoraki.gr\/sr\/wp-json\/wp\/v2\/users\/1"}],"replies":[{"embeddable":true,"href":"https:\/\/www.davidovic-grigoraki.gr\/sr\/wp-json\/wp\/v2\/comments?post=459"}],"version-history":[{"count":5,"href":"https:\/\/www.davidovic-grigoraki.gr\/sr\/wp-json\/wp\/v2\/pages\/459\/revisions"}],"predecessor-version":[{"id":1163,"href":"https:\/\/www.davidovic-grigoraki.gr\/sr\/wp-json\/wp\/v2\/pages\/459\/revisions\/1163"}],"wp:attachment":[{"href":"https:\/\/www.davidovic-grigoraki.gr\/sr\/wp-json\/wp\/v2\/media?parent=459"}],"curies":[{"name":"wp","href":"https:\/\/api.w.org\/{rel}","templated":true}]}}