{"id":455,"date":"2021-07-29T10:58:16","date_gmt":"2021-07-29T07:58:16","guid":{"rendered":"https:\/\/miona.happyoffline.eu\/?page_id=455"},"modified":"2021-11-19T15:45:50","modified_gmt":"2021-11-19T12:45:50","slug":"hysterscopy","status":"publish","type":"page","link":"https:\/\/www.davidovic-grigoraki.gr\/sr\/hysterscopy\/","title":{"rendered":"Histeroskopija"},"content":{"rendered":"<div class=\"wpb-content-wrapper\"><p>[vc_row full_width=&#8220;stretch_row_content_no_spaces&#8220; el_class=&#8220;breadcrumb&#8220;][vc_column][vc_column_text]<\/p>\n<h2 style=\"text-align: center;\">Histeroskopija<\/h2>\n<p style=\"text-align: center;\"><a href=\"\/sr\">Po\u010detna <\/a>> <a href=\"\/hysterscopy\/\">Histeroskopija<\/a><\/p>\n<p>[\/vc_column_text][\/vc_column][\/vc_row][vc_row el_class=&#8220;container innerServiceRow&#8220;][vc_column width=&#8220;3\/4&#8243;][vc_single_image image=&#8220;456&#8243; img_size=&#8220;full&#8220;][vc_column_text el_class=&#8220;innerServiceTextArea1&#8243;]<\/p>\n<h1>Histeroskopija<\/h1>\n<p>Histeroskopija se koristi za dijagnozu ili le\u010denje problema maternice. Jedna od naj\u010de\u0161\u0107ih upotreba histeroskopije je otkrivanje \u00a0uzroka abnormalnih krvarenja iz maternice.\u00a0 Abnormalno krvarenje podrazumeva ja\u010da\u00a0 ili du\u017ea menstrualna krvarenja nego ina\u010de ili \u010de\u0161\u0107e ili re\u0111e menstruacije nego obi\u010dno. Krvarenje izme\u0111u menstruacija\u00a0 tako\u0111e je abnormalno.<\/p>\n<p>Ako imate abnormalno krvarenje iz maternice, histeroskopija je \u010desto najbolji na\u010din za dijagnozu osnovnog uzroka va\u0161eg problema.<\/p>\n<p>Da biste saznali vi\u0161e, nazovite na\u0161u ordinaciju ili zaka\u017eite konsultaciju putem interneta.[\/vc_column_text][vc_column_text el_class=&#8220;innerServiceTextArea2&#8243;]<\/p>\n<h3>Pitanja i odgovori o histeroskopiji<\/h3>\n<h4>\u0160ta je histeroskopija?<\/h4>\n<p>Dijagnosti\u010dka histeroskopija je mala hirur\u0161ka intervencija koja slu\u017ei ginekolozima da utvrde osnovni uzrok abnormalnih krvarenja iz maternice. Postupak se izvodi pomo\u0107u histeroskopa, tankog ure\u0111aja sa \u00a0osvetljenjem koji se uvodi u matericu i u stvarnom vremenu prenosi jasne, uve\u0107ane slike na video monitor.<\/p>\n<p>Histeroskopija se koristi za pregled grli\u0107a materice, unutra\u0161njosti maternice i u\u0161\u0107a jajovoda u matericu. Mo\u017ee se koristiti za dijagnostiku ali i za le\u010denje, \u010desto u istom aktu.<\/p>\n<h4>Koja stanja se mogu le\u010diti histeroskopijom?<\/h4>\n<p>Histeroskopija se rutinski koristi za dijagnozu i le\u010denje uzroka jakih ili neregularnih menstrualnih krvarenja. Obi\u010dno uklju\u010duje biopsiju endometrijuma.<\/p>\n<p>Histeroskopija se tako\u0111er koristi za dijagnozu i le\u010denje:<\/p>\n<ul>\n<li>Polipa i mioma ili dobro\u0107udnih izraslina materice<\/li>\n<li>Priraslica ili o\u017eiljnog tkiva materice<\/li>\n<li>Septuma maternice ili malformacija maternice<\/li>\n<li>Dijagnozu hiperplazije endometrijuma, raka endometrijuma, a ponekad i raka grli\u0107a maternice.<\/li>\n<\/ul>\n<p>Histeroskopija mo\u017ee pomo\u0107i\u00a0 utvr\u0111ivanju uzroka ponovljenih poba\u010daja ili koristiti se za uklanjanje tkiva nakon gubitka trudno\u0107e. Mo\u017ee biti korisna i pri uklanjanju intrauterinog ulo\u0161ka (spirale).<\/p>\n<h4>Kada se vr\u0161i histeroskopija?<\/h4>\n<p>Histeroskopiju je najbolje zakazati otprilike nedelju dana nakon menstruacije. Za \u017eene u postmenopauzi, histeroskopija se mo\u017ee obaviti u bilo koje vreme.<\/p>\n<h4>Kakva se anestezija koristi za histeroskopiju?<\/h4>\n<p>Regionalna ili op\u0161ta anestezija rezervisane su za \u017eene koje ne mogu tolerisati intervenciju u lokalnoj ili intravenskoj anesteziji, poput pacijentkinja kojima su potrebni opse\u017eni operativni postupci ili koje imaju druge medicinske propratne bolesti. Pacijenti sa komorbiditetima\u00a0 mogu imati poterebu za intenzivnim pra\u0107enjem u operacionoj sali, \u010dak i kad se planira lokalna anestezija ili sedacija.<\/p>\n<h4>Kako \u0107u se ose\u0107ati nakon histeroskopije?<\/h4>\n<p>Mo\u017eda \u0107ete nekoliko dana imati postoperativne gr\u010deve ili lagano krvarenje iz vagine. Paracetamol ili nesteroidni antiinflamatorini lekovi obi\u010dno su prikladni za kontrolu postoperativnog bola, ako je potrebno. Ve\u0107inu uobi\u010dajenih aktivnosti mo\u017eete nastaviti u roku od 24 sata.[\/vc_column_text][\/vc_column][vc_column width=&#8220;1\/4&#8243; el_class=&#8220;innerServiceSidemenu&#8220;][vc_widget_sidebar sidebar_id=&#8220;sidebar-2&#8243;][vc_widget_sidebar sidebar_id=&#8220;sidebar-3&#8243;][\/vc_column][\/vc_row][vc_row][vc_column][vc_separator color=&#8220;custom&#8220; el_width=&#8220;80&#8243; accent_color=&#8220;#9b9b9b&#8220;][\/vc_column][\/vc_row]<\/p>\n<\/div>","protected":false},"excerpt":{"rendered":"<p>[vc_row full_width=&#8220;stretch_row_content_no_spaces&#8220; el_class=&#8220;breadcrumb&#8220;][vc_column][vc_column_text] Histeroskopija Po\u010detna > Histeroskopija [\/vc_column_text][\/vc_column][\/vc_row][vc_row el_class=&#8220;container innerServiceRow&#8220;][vc_column width=&#8220;3\/4&#8243;][vc_single_image image=&#8220;456&#8243; img_size=&#8220;full&#8220;][vc_column_text el_class=&#8220;innerServiceTextArea1&#8243;] Histeroskopija Histeroskopija se koristi za dijagnozu ili le\u010denje problema maternice. Jedna od naj\u010de\u0161\u0107ih upotreba histeroskopije je otkrivanje \u00a0uzroka abnormalnih krvarenja iz maternice.\u00a0 Abnormalno krvarenje podrazumeva ja\u010da\u00a0 ili du\u017ea menstrualna krvarenja nego ina\u010de ili \u010de\u0161\u0107e ili re\u0111e menstruacije nego obi\u010dno. Krvarenje izme\u0111u [&hellip;]<\/p>\n","protected":false},"author":1,"featured_media":0,"parent":0,"menu_order":0,"comment_status":"closed","ping_status":"closed","template":"","meta":{"footnotes":""},"class_list":["post-455","page","type-page","status-publish","hentry"],"_links":{"self":[{"href":"https:\/\/www.davidovic-grigoraki.gr\/sr\/wp-json\/wp\/v2\/pages\/455","targetHints":{"allow":["GET"]}}],"collection":[{"href":"https:\/\/www.davidovic-grigoraki.gr\/sr\/wp-json\/wp\/v2\/pages"}],"about":[{"href":"https:\/\/www.davidovic-grigoraki.gr\/sr\/wp-json\/wp\/v2\/types\/page"}],"author":[{"embeddable":true,"href":"https:\/\/www.davidovic-grigoraki.gr\/sr\/wp-json\/wp\/v2\/users\/1"}],"replies":[{"embeddable":true,"href":"https:\/\/www.davidovic-grigoraki.gr\/sr\/wp-json\/wp\/v2\/comments?post=455"}],"version-history":[{"count":5,"href":"https:\/\/www.davidovic-grigoraki.gr\/sr\/wp-json\/wp\/v2\/pages\/455\/revisions"}],"predecessor-version":[{"id":1161,"href":"https:\/\/www.davidovic-grigoraki.gr\/sr\/wp-json\/wp\/v2\/pages\/455\/revisions\/1161"}],"wp:attachment":[{"href":"https:\/\/www.davidovic-grigoraki.gr\/sr\/wp-json\/wp\/v2\/media?parent=455"}],"curies":[{"name":"wp","href":"https:\/\/api.w.org\/{rel}","templated":true}]}}