{"id":449,"date":"2021-07-29T10:49:10","date_gmt":"2021-07-29T07:49:10","guid":{"rendered":"https:\/\/miona.happyoffline.eu\/?page_id=449"},"modified":"2021-11-19T15:44:38","modified_gmt":"2021-11-19T12:44:38","slug":"leep","status":"publish","type":"page","link":"https:\/\/www.davidovic-grigoraki.gr\/sr\/leep\/","title":{"rendered":"LEEP \u2013 konizacija"},"content":{"rendered":"<div class=\"wpb-content-wrapper\"><p>[vc_row full_width=&#8220;stretch_row_content_no_spaces&#8220; el_class=&#8220;breadcrumb&#8220;][vc_column][vc_column_text]<\/p>\n<h2 style=\"text-align: center;\">LEEP \u2013 konizacija<\/h2>\n<p style=\"text-align: center;\"><a href=\"\/sr\">Po\u010detna <\/a>> <a href=\"\/leep\/\">LEEP \u2013 konizacija<\/a><\/p>\n<p>[\/vc_column_text][\/vc_column][\/vc_row][vc_row el_class=&#8220;container innerServiceRow&#8220;][vc_column width=&#8220;3\/4&#8243;][vc_single_image image=&#8220;452&#8243; img_size=&#8220;full&#8220;][vc_column_text el_class=&#8220;innerServiceTextArea1&#8243;]<\/p>\n<h1>LEEP \u2013 konizacija<\/h1>\n<p>Svake godine se kod 60.000 \u017eena u Evropi i kod oko 600 Grkinja dijagnostikoje karcinom grli\u0107a materice.\u00a0 Ovi brojevi su pre 20 godina bili mnogo ve\u0107i. Zahvaljuju\u0107i hirur\u0161koj intervenciji poput LEEP-a (elektrohirur\u0161kog isecanja pomo\u0107u om\u010dice) smanjen je broj \u017eena koje danas imaju karcinom grli\u0107a materice. Ovom hirur\u0161kom intervencijom odstranjujemo prekancerozne promene na grli\u0107u materice i tako smanjujemo mogu\u0107nost nastanka karcinoma na tom mestu. Ukoliko imate indikaciju za ovu hirur\u0161ku \u00a0intervenciju ili ako \u017eelite saznati kako vam LEEP mo\u017ee pomo\u0107i, zaka\u017eite pregled u na\u0161oj ordinaciji ili online konsultaciju.[\/vc_column_text][vc_column_text el_class=&#8220;innerServiceTextArea2&#8243;]<\/p>\n<h3>Pitanja i odgovori o LEEP intervenciji<\/h3>\n<h4>\u0160ta je LEEP?<\/h4>\n<p>LEEP je skra\u0107enica od \u00a0\u201c loop electrosurgical excision procedure\u201d ili \u00a0elektrokirur\u0161ki postupak isecanja\u00a0 pomo\u0107u om\u010dice.\u00a0 Om\u010dica je poput kruga savijena tanka \u017eica koja se zagreva kada kroz nju propustimo elektri\u010dnu energiju. \u00a0Zagrevanjem ima mogu\u0107nost isecanja tkiva grli\u0107a materice u tankom sloju.<\/p>\n<h4>Kada se radi LEEP?<\/h4>\n<p>Smisao Papanikolau testa je otkrivanje promena \u00a0koje bi, ukoliko se ne le\u010de, mogle prerasti u karcinom. Te promene nazivamo displazije ili prekanceroze. One nastaju na grli\u0107u materice, na njegovom delu koji nam je lako dostupan pregledom i koji mo\u017eemo odstraniti hirur\u0161kom intervencijom\u00a0 LEEP.<\/p>\n<p>Ukoliko je biopsijom dokazana prekanceroza predlo\u017ei\u0107emo vam LEEP. Postoji nekoliko izuzetaka kada LEEP intervenciju mo\u017eemo odlo\u017eiti uz redovno kolposkopsko pra\u0107enje, a to se odnosi na trudnice, na mlade devojke i \u017eene koje \u017eele ra\u0111ati. Nekoliko faktora igraju ulogu u dono\u0161enju odluke kada je pra\u0107enje prekanceroza prihvatljivo. Ukoliko \u017eelite pregled ili konsultaciju zaka\u017eite termin u na\u0161oj ordinaciji ili online konsultaciju.<\/p>\n<h4>Kako se izvodi LEEP?<\/h4>\n<p>Dok je \u017eena u uobi\u010dajenom ginekolo\u0161kom polo\u017eaju, dr Davidovi\u0107-Grigoraki \u00a0postavlja spekulum kako bi pristupila grli\u0107u. Pod kontrolom kolposkopa utvr\u0111uje se veli\u010dina i oblik zone koju je potrebno \u00a0odstraniti (ise\u0107i) te shodno tome odabira se odgovaraju\u0107a veli\u010dina om\u010dice.\u00a0 Kontrolu bola osiguravamo lokalnom anestezijom ili blagom sedacijom.\u00a0 Dr Davidovi\u0107-Grigoraki\u00a0 dijatermijskim nosa\u010dom sa odabranom om\u010dicom odseca zonu grli\u0107a materice na kojoj se javlja velika ve\u0107ina HPV lezija. Krvarenje se zaustavlja kauterizacijom i upotrebom posebnih rastvora.<\/p>\n<p>Sama intervencija ne traje dugo i nakon toga mo\u017eete slobodno i\u0107i ku\u0107i. Mo\u017eda \u0107ete osetiti gr\u010deve u donjem delu trbuha nakon \u0161to lokalna anestezija popusti.\u00a0 To je ose\u0107aj poput onog koji imate prvog dana menstruacije.<\/p>\n<h4>\u0160ta mo\u017eemo o\u010dekivati nakon LEEP-a?<\/h4>\n<p>Da bi rana na grli\u0107u materice zarasla potrebno je da pro\u0111e nekoliko nedelja. Da bi rana zarasla pravilno i bez komplikacija potrebno je da u period zarastanja izbegavate polne odnose, kori\u0161tenje tampona, te\u0161ke poslove (sve \u0161to dovodi do naprezanja).<\/p>\n<p>Normalno je da u ovom period primetite iscedak iz vagine i oskudno krvarenje.<\/p>\n<p>Ukoliko se krvarenje iz vagine vremenom poja\u010dava ili ukoliko imate iscedak jakog, neprijatnog mirisa uz bol u donjem delu trbuha, obavezno nas pozovite.<\/p>\n<h4>\u0160ta kad stigne PH (patohostolo\u0161ki) nalaz ise\u010dka grli\u0107a materice?<\/h4>\n<p>Iz PH nalaza saznajemo nekoliko\u00a0 veoma bitnih podatka. Prvi je dijagnoza, odnosno potvrda dijagnoze, a drugi je podatak da li je promena odstranjena u celosti. Kod \u017eena koje planiraju ra\u0111anje bitan nam je i podatak o dubini odstranjenog dela grli\u0107a materice.<\/p>\n<p>Kontrola rane na grli\u0107u materice je predvi\u0111ena za 4-6 nedelja od intervencije.<\/p>\n<p><strong>Na kraju, LEEP vas mo\u017ee spasiti od raka grli\u0107a materice, \u0161to je retka prilika kada je rije\u010d o raku bilo koje vrste.<\/strong>[\/vc_column_text][\/vc_column][vc_column width=&#8220;1\/4&#8243; el_class=&#8220;innerServiceSidemenu&#8220;][vc_widget_sidebar sidebar_id=&#8220;sidebar-2&#8243;][vc_widget_sidebar sidebar_id=&#8220;sidebar-3&#8243;][\/vc_column][\/vc_row][vc_row][vc_column][vc_separator color=&#8220;custom&#8220; el_width=&#8220;80&#8243; accent_color=&#8220;#9b9b9b&#8220;][\/vc_column][\/vc_row]<\/p>\n<\/div>","protected":false},"excerpt":{"rendered":"<p>[vc_row full_width=&#8220;stretch_row_content_no_spaces&#8220; el_class=&#8220;breadcrumb&#8220;][vc_column][vc_column_text] LEEP \u2013 konizacija Po\u010detna > LEEP \u2013 konizacija [\/vc_column_text][\/vc_column][\/vc_row][vc_row el_class=&#8220;container innerServiceRow&#8220;][vc_column width=&#8220;3\/4&#8243;][vc_single_image image=&#8220;452&#8243; img_size=&#8220;full&#8220;][vc_column_text el_class=&#8220;innerServiceTextArea1&#8243;] LEEP \u2013 konizacija Svake godine se kod 60.000 \u017eena u Evropi i kod oko 600 Grkinja dijagnostikoje karcinom grli\u0107a materice.\u00a0 Ovi brojevi su pre 20 godina bili mnogo ve\u0107i. Zahvaljuju\u0107i hirur\u0161koj intervenciji poput LEEP-a (elektrohirur\u0161kog isecanja pomo\u0107u [&hellip;]<\/p>\n","protected":false},"author":1,"featured_media":0,"parent":0,"menu_order":0,"comment_status":"closed","ping_status":"closed","template":"","meta":{"footnotes":""},"class_list":["post-449","page","type-page","status-publish","hentry"],"_links":{"self":[{"href":"https:\/\/www.davidovic-grigoraki.gr\/sr\/wp-json\/wp\/v2\/pages\/449","targetHints":{"allow":["GET"]}}],"collection":[{"href":"https:\/\/www.davidovic-grigoraki.gr\/sr\/wp-json\/wp\/v2\/pages"}],"about":[{"href":"https:\/\/www.davidovic-grigoraki.gr\/sr\/wp-json\/wp\/v2\/types\/page"}],"author":[{"embeddable":true,"href":"https:\/\/www.davidovic-grigoraki.gr\/sr\/wp-json\/wp\/v2\/users\/1"}],"replies":[{"embeddable":true,"href":"https:\/\/www.davidovic-grigoraki.gr\/sr\/wp-json\/wp\/v2\/comments?post=449"}],"version-history":[{"count":5,"href":"https:\/\/www.davidovic-grigoraki.gr\/sr\/wp-json\/wp\/v2\/pages\/449\/revisions"}],"predecessor-version":[{"id":1159,"href":"https:\/\/www.davidovic-grigoraki.gr\/sr\/wp-json\/wp\/v2\/pages\/449\/revisions\/1159"}],"wp:attachment":[{"href":"https:\/\/www.davidovic-grigoraki.gr\/sr\/wp-json\/wp\/v2\/media?parent=449"}],"curies":[{"name":"wp","href":"https:\/\/api.w.org\/{rel}","templated":true}]}}