{"id":444,"date":"2021-07-29T10:43:58","date_gmt":"2021-07-29T07:43:58","guid":{"rendered":"https:\/\/miona.happyoffline.eu\/?page_id=444"},"modified":"2021-11-19T15:42:30","modified_gmt":"2021-11-19T12:42:30","slug":"std-testing","status":"publish","type":"page","link":"https:\/\/www.davidovic-grigoraki.gr\/sr\/std-testing\/","title":{"rendered":"Testiranje na seksualno prenosive bolesti"},"content":{"rendered":"<div class=\"wpb-content-wrapper\"><p>[vc_row full_width=&#8220;stretch_row_content_no_spaces&#8220; el_class=&#8220;breadcrumb&#8220;][vc_column][vc_column_text]<\/p>\n<h2 style=\"text-align: center;\">Testiranje na seksualno prenosive bolesti<\/h2>\n<p style=\"text-align: center;\"><a href=\"\/sr\">Po\u010detna <\/a>> <a href=\"\/std-testing\/\">Testiranje na seksualno prenosive bolesti<\/a><\/p>\n<p>[\/vc_column_text][\/vc_column][\/vc_row][vc_row el_class=&#8220;container innerServiceRow&#8220;][vc_column width=&#8220;3\/4&#8243;][vc_single_image image=&#8220;445&#8243; img_size=&#8220;full&#8220;][vc_column_text el_class=&#8220;innerServiceTextArea1&#8243;]<\/p>\n<h1>Testiranje na seksualno prenosive bolesti<\/h1>\n<p>Polno prenosive bolesti (PPB) glavno su pitanje javnog zdravlja koje svake godine poga\u0111a 12 milona Evropljana. \u00a0Iako PPB poga\u0111aju oba pola, verovatnije je da \u0107e \u017eene razviti dugoro\u010dne zdravstvene posledice od nele\u010dene polno prenosive bolesti. U na\u0161oj ordinaciji vam nudimo testiranje na PPB kako bi za\u0161titili Vas i Va\u0161e zdravlje. Da biste zakazali testiranje na PPB, zaka\u017eite pregled u na\u0161oj ordinaciji.[\/vc_column_text][vc_column_text el_class=&#8220;innerServiceTextArea2&#8243;]<\/p>\n<h3>Pitanja i odgovori o PPB<\/h3>\n<h4>\u0160ta su polno prenosive bolesti (PPB)?<\/h4>\n<p>Polno ili seksualno prenosive bolesti su bakterijske, virusne, gljivi\u010dne ili parazitske infekcije koje prelaze s osobe na osobu polnim kontaktom. To uklju\u010duje vaginalni, analni i oralni seks.<\/p>\n<p>Postoji mnogo vrsta polno prenosivih bolesti:<\/p>\n<ul>\n<li>Hlamidija<\/li>\n<li>Gonoreja<\/li>\n<li>Genitalni herpes<\/li>\n<li>Humani papiloma virus (HPV)<\/li>\n<li>HIV<\/li>\n<li>Sifilis<\/li>\n<li>Trihomonijaza<\/li>\n<\/ul>\n<p>Iako i mu\u0161karci i \u017eene imaju rizik od zaraze polno prenosivim bolestima, \u017eene imaju ve\u0107e zdravstvene komplikacije, uklju\u010duju\u0107i neplodnost i pove\u0107an rizik od odre\u0111enih vrsta karcinoma, poput raka grli\u0107a materice. Zato je testiranje na PPB va\u017eno jo\u0161 kod prvih znakova infekcije ili u sklopu rutinskih godi\u0161njih pregleda.<\/p>\n<h4>Kada je potrebno da se testiram na polno prenosive bolesti?<\/h4>\n<p>Kada Vam je potrebno testiranje zavisi od Va\u0161ih godina i seksualne aktivnosti. Ako ste seksualno aktivni i imate vi\u0161e od jednog seksualnog partnera trebali biste zakazati pregled PPB test.<\/p>\n<p>Ve\u0107ina PPB ne daje simptome ili ih gre\u0161kom mo\u017eete \u00a0proglasiti nekom drugom infekcijom (npr. gljivi\u010dnom infekcijom). \u00a0Bez testiranja i le\u010denja mo\u017eete ugroziti svoje i zdravlje svog seksualnog partnera.<\/p>\n<p>Tako\u0111e biste trebali zakazati testiranje na PPB ako je Va\u0161 seksualni partner pozitivan na neku polno prenosivu bolesti ili ako imate znakove i simptome PPB \u00a0kao \u0161to su:<\/p>\n<ul>\n<li>Genitalni \u010direvi ili kvr\u017eice<\/li>\n<li>Bolovi u vagini, peckanje ili svrab<\/li>\n<li>Iscedak iz vagine jakog, nepriajtnog mirisa<\/li>\n<li>Bol u karlici<\/li>\n<li>Bol tokom odnosa<\/li>\n<li>Abnormalno krvarenje iz vagine<\/li>\n<li>Groznica<\/li>\n<\/ul>\n<p>Preporu\u010duje se da se sve polno aktivne \u017eene starije od 25 godina godi\u0161nje testiraju na gonoreju i hlamidiju, a i na ostale PPB ukoliko imaju novog ili vi\u0161e seksualnih partnera. HPV test se preporu\u010duje \u017eenama starijim od 30 godina ili ukoliko imate abnormalan Papa test.<\/p>\n<p>Svim trudnicama radimo test na HIV, hepatitis B i sifilis, kao i na hlamidiju i gonoreju, ako su pod rizikom.<\/p>\n<h4>\u0160ta mogu o\u010dekivati \u200b\u200btokom testiranja na polno prenosive bolesti?<\/h4>\n<p>Tokom pregleda \u00a0pita\u0107emo Vas za ranije ginekolo\u0161ke bolesti \u00a0kao i za sve potencijalne trenutne simptome. Va\u0161e testiranje mo\u017ee uklju\u010divati slede\u0107e:<\/p>\n<ul>\n<li>Analizu urina<\/li>\n<li>Testove iz krvi<\/li>\n<li>Vaginalne briseve<\/li>\n<li>Bris iz kanala uretre<\/li>\n<li>Bris grli\u0107a materice \u2013HPV test<\/li>\n<\/ul>\n<p>Ako su rezultati testiranja na PPB pozitivni, dobi\u0107ete od nas preporuke. Te preporuke mogu uklju\u010divati \u200b\u200bdodatne testove ili odre\u0111ene tretmane, kao \u0161to su antibiotska terapija za uklanjanje bakterijske infekcije ili antivirusni lekovi za smanje virusne infekcije i smanjenje prenosa infekcije na partnera.<\/p>\n<h3>Pove\u0107ajmo \u00a0svest o ra\u0161irenosti PPB:<\/h3>\n<p>U Gr\u010dkoj se svake godine zabele\u017ei oko 300 novih slu\u010dajeva sifilisa, 200 novih slu\u010dajeva gonoreje i oko 500 novih infekcija hlamidijom.<\/p>\n<p>Tri od 4 stanovnika Evrope uzrasta 15 do 49 godina zarazi\u0107e se HPV-om tokom svog \u017eivota.[\/vc_column_text][\/vc_column][vc_column width=&#8220;1\/4&#8243; el_class=&#8220;innerServiceSidemenu&#8220;][vc_widget_sidebar sidebar_id=&#8220;sidebar-2&#8243;][vc_widget_sidebar sidebar_id=&#8220;sidebar-3&#8243;][\/vc_column][\/vc_row][vc_row][vc_column][vc_separator color=&#8220;custom&#8220; el_width=&#8220;80&#8243; accent_color=&#8220;#9b9b9b&#8220;][\/vc_column][\/vc_row]<\/p>\n<\/div>","protected":false},"excerpt":{"rendered":"<p>[vc_row full_width=&#8220;stretch_row_content_no_spaces&#8220; el_class=&#8220;breadcrumb&#8220;][vc_column][vc_column_text] Testiranje na seksualno prenosive bolesti Po\u010detna > Testiranje na seksualno prenosive bolesti [\/vc_column_text][\/vc_column][\/vc_row][vc_row el_class=&#8220;container innerServiceRow&#8220;][vc_column width=&#8220;3\/4&#8243;][vc_single_image image=&#8220;445&#8243; img_size=&#8220;full&#8220;][vc_column_text el_class=&#8220;innerServiceTextArea1&#8243;] Testiranje na seksualno prenosive bolesti Polno prenosive bolesti (PPB) glavno su pitanje javnog zdravlja koje svake godine poga\u0111a 12 milona Evropljana. \u00a0Iako PPB poga\u0111aju oba pola, verovatnije je da \u0107e \u017eene razviti dugoro\u010dne [&hellip;]<\/p>\n","protected":false},"author":1,"featured_media":0,"parent":0,"menu_order":0,"comment_status":"closed","ping_status":"closed","template":"","meta":{"footnotes":""},"class_list":["post-444","page","type-page","status-publish","hentry"],"_links":{"self":[{"href":"https:\/\/www.davidovic-grigoraki.gr\/sr\/wp-json\/wp\/v2\/pages\/444","targetHints":{"allow":["GET"]}}],"collection":[{"href":"https:\/\/www.davidovic-grigoraki.gr\/sr\/wp-json\/wp\/v2\/pages"}],"about":[{"href":"https:\/\/www.davidovic-grigoraki.gr\/sr\/wp-json\/wp\/v2\/types\/page"}],"author":[{"embeddable":true,"href":"https:\/\/www.davidovic-grigoraki.gr\/sr\/wp-json\/wp\/v2\/users\/1"}],"replies":[{"embeddable":true,"href":"https:\/\/www.davidovic-grigoraki.gr\/sr\/wp-json\/wp\/v2\/comments?post=444"}],"version-history":[{"count":5,"href":"https:\/\/www.davidovic-grigoraki.gr\/sr\/wp-json\/wp\/v2\/pages\/444\/revisions"}],"predecessor-version":[{"id":1155,"href":"https:\/\/www.davidovic-grigoraki.gr\/sr\/wp-json\/wp\/v2\/pages\/444\/revisions\/1155"}],"wp:attachment":[{"href":"https:\/\/www.davidovic-grigoraki.gr\/sr\/wp-json\/wp\/v2\/media?parent=444"}],"curies":[{"name":"wp","href":"https:\/\/api.w.org\/{rel}","templated":true}]}}