{"id":438,"date":"2021-07-29T10:37:04","date_gmt":"2021-07-29T07:37:04","guid":{"rendered":"https:\/\/miona.happyoffline.eu\/?page_id=438"},"modified":"2021-11-19T15:40:57","modified_gmt":"2021-11-19T12:40:57","slug":"birth-control","status":"publish","type":"page","link":"https:\/\/www.davidovic-grigoraki.gr\/sr\/birth-control\/","title":{"rendered":"Kontracepcija"},"content":{"rendered":"<div class=\"wpb-content-wrapper\"><p>[vc_row full_width=&#8220;stretch_row_content_no_spaces&#8220; el_class=&#8220;breadcrumb&#8220;][vc_column][vc_column_text]<\/p>\n<h2 style=\"text-align: center;\">Kontracepcija<\/h2>\n<p style=\"text-align: center;\"><a href=\"\/sr\">Po\u010detna <\/a>> <a href=\"\/birth-control\/\">Kontracepcija<\/a><\/p>\n<p>[\/vc_column_text][\/vc_column][\/vc_row][vc_row el_class=&#8220;container innerServiceRow&#8220;][vc_column width=&#8220;3\/4&#8243;][vc_single_image image=&#8220;442&#8243; img_size=&#8220;full&#8220;][vc_column_text el_class=&#8220;innerServiceTextArea1&#8243;]<\/p>\n<h1>Kontracepcija<\/h1>\n<p>Odabir kontracepcije mo\u017ee biti te\u017eak, jer nijedan metod kontrole ra\u0111anja nije savr\u0161en. Ako \u017eelite konsultaciju, mo\u017eemo Vam pomo\u0107i odabrati metod koji Vam odgovara.[\/vc_column_text][vc_column_text el_class=&#8220;innerServiceTextArea2&#8243;]<\/p>\n<h4>\u017deleli bismo doneti najbolju odluku za Vas, stoga je va\u017eno da budete svesni slede\u0107ih, va\u017enih \u010dinjenica:<\/h4>\n<ul>\n<li>Nijedan metod kontracepcije ne deluje 100 posto savr\u0161eno sve vreme, ali neke metode spre\u010davaju trudno\u0107u bolje od drugih.<\/li>\n<li>Postoje metode \u010dija efikasnost zavisi od Vas. Na primer, \u017eene koje koriste kontracepcijske pilule moraju ih uzimati redovno, svaki dan.<\/li>\n<li>Svaki metod mo\u017ee imati svoje nuspojave ili nedostatke<\/li>\n<li>Neke vrste kontrole ra\u0111anja su trajne, \u0161to zna\u010di da spre\u010davaju da ikada zatrudnite. Druge vrste kontrole ra\u0111anja spre\u010davaju trudno\u0107u samo ograni\u010deno vrijeme. Nakon tog vremena i dalje mo\u017eete ostati u drugom stanju.<\/li>\n<li>Samo mu\u0161ki i \u017eenski kondomi mogu smanjiti \u0161anse da se zarazite odre\u0111enim polno prenosivim bolestima.<\/li>\n<\/ul>\n<h4>Dostupne metode za spre\u010davanje trudno\u0107e:<\/h4>\n<p>Barijerne metode kontracepcije<br \/>\nHormonska kontrola ra\u0111anja<br \/>\nIntrauterini ulo\u017eak (spirala)<br \/>\nDugo-deluju\u0107e metode kontracepcije<br \/>\nHitna kontracepcija<br \/>\nSterilizacija za \u017eene<br \/>\nVazektomija<\/p>\n<p>Neke \u017eene i njihovi partneri iz verskih ili kulturolo\u0161kih razloga ne mogu ili ne \u017eele koristiti gore navedene metode spre\u010davanja trudno\u0107e. Metode prevencije trudno\u0107e koje se baziraju na svesti o plodnosti osnovu imaju u fiziolo\u0161kim promenama tokom menstrualnog ciklusa. Te metode uklju\u010duju odre\u0111ivanje plodnih dana menstrualnog ciklusa pomo\u0107u kombinacije du\u017eine ciklusa i fizi\u010dkih manifestacija ovulacije (promena cervikalnog sekreta, menjanje bazalne telesne temperature), a zatim izbjegavanje polnih odnosa ili kori\u0161tenje barijernih metoda u tim danima.[\/vc_column_text][\/vc_column][vc_column width=&#8220;1\/4&#8243; el_class=&#8220;innerServiceSidemenu&#8220;][vc_widget_sidebar sidebar_id=&#8220;sidebar-2&#8243;][vc_widget_sidebar sidebar_id=&#8220;sidebar-3&#8243;][\/vc_column][\/vc_row][vc_row][vc_column][vc_separator color=&#8220;custom&#8220; el_width=&#8220;80&#8243; accent_color=&#8220;#9b9b9b&#8220;][\/vc_column][\/vc_row]<\/p>\n<\/div>","protected":false},"excerpt":{"rendered":"<p>[vc_row full_width=&#8220;stretch_row_content_no_spaces&#8220; el_class=&#8220;breadcrumb&#8220;][vc_column][vc_column_text] Kontracepcija Po\u010detna > Kontracepcija [\/vc_column_text][\/vc_column][\/vc_row][vc_row el_class=&#8220;container innerServiceRow&#8220;][vc_column width=&#8220;3\/4&#8243;][vc_single_image image=&#8220;442&#8243; img_size=&#8220;full&#8220;][vc_column_text el_class=&#8220;innerServiceTextArea1&#8243;] Kontracepcija Odabir kontracepcije mo\u017ee biti te\u017eak, jer nijedan metod kontrole ra\u0111anja nije savr\u0161en. Ako \u017eelite konsultaciju, mo\u017eemo Vam pomo\u0107i odabrati metod koji Vam odgovara.[\/vc_column_text][vc_column_text el_class=&#8220;innerServiceTextArea2&#8243;] \u017deleli bismo doneti najbolju odluku za Vas, stoga je va\u017eno da budete svesni slede\u0107ih, va\u017enih \u010dinjenica: [&hellip;]<\/p>\n","protected":false},"author":1,"featured_media":0,"parent":0,"menu_order":0,"comment_status":"closed","ping_status":"closed","template":"","meta":{"footnotes":""},"class_list":["post-438","page","type-page","status-publish","hentry"],"_links":{"self":[{"href":"https:\/\/www.davidovic-grigoraki.gr\/sr\/wp-json\/wp\/v2\/pages\/438","targetHints":{"allow":["GET"]}}],"collection":[{"href":"https:\/\/www.davidovic-grigoraki.gr\/sr\/wp-json\/wp\/v2\/pages"}],"about":[{"href":"https:\/\/www.davidovic-grigoraki.gr\/sr\/wp-json\/wp\/v2\/types\/page"}],"author":[{"embeddable":true,"href":"https:\/\/www.davidovic-grigoraki.gr\/sr\/wp-json\/wp\/v2\/users\/1"}],"replies":[{"embeddable":true,"href":"https:\/\/www.davidovic-grigoraki.gr\/sr\/wp-json\/wp\/v2\/comments?post=438"}],"version-history":[{"count":5,"href":"https:\/\/www.davidovic-grigoraki.gr\/sr\/wp-json\/wp\/v2\/pages\/438\/revisions"}],"predecessor-version":[{"id":1153,"href":"https:\/\/www.davidovic-grigoraki.gr\/sr\/wp-json\/wp\/v2\/pages\/438\/revisions\/1153"}],"wp:attachment":[{"href":"https:\/\/www.davidovic-grigoraki.gr\/sr\/wp-json\/wp\/v2\/media?parent=438"}],"curies":[{"name":"wp","href":"https:\/\/api.w.org\/{rel}","templated":true}]}}