{"id":435,"date":"2021-07-29T10:28:19","date_gmt":"2021-07-29T07:28:19","guid":{"rendered":"https:\/\/miona.happyoffline.eu\/?page_id=435"},"modified":"2021-11-19T15:39:37","modified_gmt":"2021-11-19T12:39:37","slug":"pregnancy-care","status":"publish","type":"page","link":"https:\/\/www.davidovic-grigoraki.gr\/sr\/pregnancy-care\/","title":{"rendered":"Pra\u0107enje trudno\u0107e"},"content":{"rendered":"<div class=\"wpb-content-wrapper\"><p>[vc_row full_width=&#8220;stretch_row_content_no_spaces&#8220; el_class=&#8220;breadcrumb&#8220;][vc_column][vc_column_text]<\/p>\n<h2 style=\"text-align: center;\">Pra\u0107enje trudno\u0107e<\/h2>\n<p style=\"text-align: center;\"><a href=\"\/sr\">Po\u010detna <\/a>> <a href=\"\/sr\/pregnancy-care\/\">Pra\u0107enje trudno\u0107e<\/a><\/p>\n<p>[\/vc_column_text][\/vc_column][\/vc_row][vc_row el_class=&#8220;container innerServiceRow&#8220;][vc_column width=&#8220;3\/4&#8243;][vc_single_image image=&#8220;439&#8243; img_size=&#8220;full&#8220;][vc_column_text el_class=&#8220;innerServiceTextArea1&#8243;]<\/p>\n<h1>Pra\u0107enje trudno\u0107e<\/h1>\n<p>Trudno\u0107a je vrlo uzbudljiv period, bilo da je put do trudno\u0107e bio duga\u010dak ili je neo\u010dekivano iznena\u0111enje.<\/p>\n<p>Mnogo je saveta i smernica koje biste trebali uzeti u obzir tokom trudno\u0107e, kako u pogledu toga \u0161ta treba da uradite za zdravlje Vas i Va\u0161e bebe, tako i u vezi sa pripremama koje trebate preduzeti za predstoje\u0107i poro\u0111aj. Na\u017ealost za neke \u017eene trudno\u0107a je period zabrinutosti. Mi smo ovde da odgovorimo na \u0161to vi\u0161e pitanja kako bismo Vas pravilno informisali i kako biste se \u0161to vi\u0161e opustili u ovo vrlo posebno vreme.[\/vc_column_text][vc_column_text el_class=&#8220;innerServiceTextArea2&#8243;]<\/p>\n<h3><\/h3>\n<h3>Pitanja i odgovori o pra\u0107enju trudno\u0107e<\/h3>\n<h4>\u0160ta mogu o\u010dekivati \u200b\u200btokom aku\u0161erske posete?<\/h4>\n<p>Tokom Va\u0161e posete, dr Davidovi\u0107-Grigoraki procenjuje Va\u0161e zdravlje i zdravlje Va\u0161e bebe. Prva poseta mo\u017ee biti najdu\u017ea jer uklju\u010duje:<\/p>\n<ul>\n<li>Fizi\u010dki i karli\u010dni pregled<\/li>\n<li>Test krvi<\/li>\n<li>Papa test<\/li>\n<li>Odre\u0111ivanje verovatnog termina poro\u0111aja<\/li>\n<li>Razgovor o Va\u0161em zdravlju i bolestima u porodici<\/li>\n<li>Odgovore na Va\u0161a pitanja<\/li>\n<\/ul>\n<p>Redovnim pregledima pratimo Va\u0161e zdravlje i zdravlje Va\u0161e bebe. Tokom pra\u0107enja mi:<\/p>\n<ul>\n<li>Merimo koliko ste dobili u te\u017eini<\/li>\n<li>Merimo obim trbuha<\/li>\n<li>Merimo krvni pritisak<\/li>\n<li>Pratimo fetalni puls<\/li>\n<\/ul>\n<h4>Koliko \u010desto bi trebala dolaziti na preglede tokom trudno\u0107e?<\/h4>\n<p>Da bismo adekvatno pratili Va\u0161e i detetovo zdravlje, \u017eeleli bismo Vas videti jednom mese\u010dno do 28. nedelje trudno\u0107e. Zatim biste trebali dolaziti dva puta mese\u010dno do 36. nedelje. Tokom poslednje \u010detiri (ili vi\u0161e) nedelje trudno\u0107e dolazite svake nedelje, dok se ne porodite.<\/p>\n<h4>\u0160ta je visoko rizi\u010dna trudno\u0107a?<\/h4>\n<p>Visoko rizi\u010dna trudno\u0107a je trudno\u0107a u kojoj postoji zabrinutost za zdravlje Vas ili Va\u0161e bebe. Va\u0161a se trudno\u0107a mo\u017ee smatrati rizi\u010dnom od po\u010detka ili se pove\u0107anje rizika mo\u017ee otrkiti napredovanjem trudno\u0107e.<\/p>\n<p>Faktori koji mogu ukazivati \u200b\u200bna visoko rizi\u010dnu trudno\u0107u uklju\u010duju:<\/p>\n<ul>\n<li>Blizana\u010dka ili vi\u0161eplodna trudno\u0107a<\/li>\n<li>Dob majke (mla\u0111a od 18 godina ili starija od 35 godina)<\/li>\n<li>Medicinsko stanje, poput dijabetesa ili visokog krvnog pritiska<\/li>\n<li>Prekomerna telesna te\u017eina<\/li>\n<\/ul>\n<p>Ovde smo da Vam pomognemo u no\u0161enju sa rizi\u010dnom trudno\u0107om i da osiguramo siguran poro\u0111aj i Vama i Va\u0161oj bebi.<\/p>\n<h4>Koje su moje mogu\u0107nosti vezane za poro\u0111aj?<\/h4>\n<p>Razumemo koliko Vam je va\u017ean Va\u0161 plan poro\u0111aja i nudimo Vam prirodan poro\u0111aj u porodili\u0161tu. Po potrebi mo\u017eemo obaviti i carski rez. Naj\u010de\u0161\u0107i razlozi zbog kojih \u017eena ima potrebu za carskim rezom uklju\u010duju:<\/p>\n<ul>\n<li>Placentu previju<\/li>\n<li>Miome<\/li>\n<li>Blizana\u010dku trudno\u0107u<\/li>\n<li>Prethodni carski rez<\/li>\n<\/ul>\n<p>Pozovite na\u0161u ordinacju ili rezervi\u0161ite pregled putem interneta.[\/vc_column_text][\/vc_column][vc_column width=&#8220;1\/4&#8243; el_class=&#8220;innerServiceSidemenu&#8220;][vc_widget_sidebar sidebar_id=&#8220;sidebar-2&#8243;][vc_widget_sidebar sidebar_id=&#8220;sidebar-3&#8243;][\/vc_column][\/vc_row][vc_row][vc_column][vc_separator color=&#8220;custom&#8220; el_width=&#8220;80&#8243; accent_color=&#8220;#9b9b9b&#8220;][\/vc_column][\/vc_row]<\/p>\n<\/div>","protected":false},"excerpt":{"rendered":"<p>[vc_row full_width=&#8220;stretch_row_content_no_spaces&#8220; el_class=&#8220;breadcrumb&#8220;][vc_column][vc_column_text] Pra\u0107enje trudno\u0107e Po\u010detna > Pra\u0107enje trudno\u0107e [\/vc_column_text][\/vc_column][\/vc_row][vc_row el_class=&#8220;container innerServiceRow&#8220;][vc_column width=&#8220;3\/4&#8243;][vc_single_image image=&#8220;439&#8243; img_size=&#8220;full&#8220;][vc_column_text el_class=&#8220;innerServiceTextArea1&#8243;] Pra\u0107enje trudno\u0107e Trudno\u0107a je vrlo uzbudljiv period, bilo da je put do trudno\u0107e bio duga\u010dak ili je neo\u010dekivano iznena\u0111enje. Mnogo je saveta i smernica koje biste trebali uzeti u obzir tokom trudno\u0107e, kako u pogledu toga \u0161ta treba da [&hellip;]<\/p>\n","protected":false},"author":1,"featured_media":0,"parent":0,"menu_order":0,"comment_status":"closed","ping_status":"closed","template":"","meta":{"footnotes":""},"class_list":["post-435","page","type-page","status-publish","hentry"],"_links":{"self":[{"href":"https:\/\/www.davidovic-grigoraki.gr\/sr\/wp-json\/wp\/v2\/pages\/435","targetHints":{"allow":["GET"]}}],"collection":[{"href":"https:\/\/www.davidovic-grigoraki.gr\/sr\/wp-json\/wp\/v2\/pages"}],"about":[{"href":"https:\/\/www.davidovic-grigoraki.gr\/sr\/wp-json\/wp\/v2\/types\/page"}],"author":[{"embeddable":true,"href":"https:\/\/www.davidovic-grigoraki.gr\/sr\/wp-json\/wp\/v2\/users\/1"}],"replies":[{"embeddable":true,"href":"https:\/\/www.davidovic-grigoraki.gr\/sr\/wp-json\/wp\/v2\/comments?post=435"}],"version-history":[{"count":5,"href":"https:\/\/www.davidovic-grigoraki.gr\/sr\/wp-json\/wp\/v2\/pages\/435\/revisions"}],"predecessor-version":[{"id":1151,"href":"https:\/\/www.davidovic-grigoraki.gr\/sr\/wp-json\/wp\/v2\/pages\/435\/revisions\/1151"}],"wp:attachment":[{"href":"https:\/\/www.davidovic-grigoraki.gr\/sr\/wp-json\/wp\/v2\/media?parent=435"}],"curies":[{"name":"wp","href":"https:\/\/api.w.org\/{rel}","templated":true}]}}