{"id":431,"date":"2021-07-29T10:23:45","date_gmt":"2021-07-29T07:23:45","guid":{"rendered":"https:\/\/miona.happyoffline.eu\/?page_id=431"},"modified":"2021-11-19T15:38:20","modified_gmt":"2021-11-19T12:38:20","slug":"annual-exams","status":"publish","type":"page","link":"https:\/\/www.davidovic-grigoraki.gr\/sr\/annual-exams\/","title":{"rendered":"Redovni godi\u0161nji pregled"},"content":{"rendered":"<div class=\"wpb-content-wrapper\"><p>[vc_row full_width=&#8220;stretch_row_content_no_spaces&#8220; el_class=&#8220;breadcrumb&#8220;][vc_column][vc_column_text]<\/p>\n<h2 style=\"text-align: center;\">Redovni godi\u0161nji pregled<\/h2>\n<p style=\"text-align: center;\"><a href=\"\/sr\">Po\u010detna <\/a>> <a href=\"\/annual-exams\/\">Redovni godi\u0161nji pregled<br \/>\n<\/a><\/p>\n<p>[\/vc_column_text][\/vc_column][\/vc_row][vc_row el_class=&#8220;container innerServiceRow&#8220;][vc_column width=&#8220;3\/4&#8243;][vc_single_image image=&#8220;432&#8243; img_size=&#8220;full&#8220;][vc_column_text el_class=&#8220;innerServiceTextArea1&#8243;]<\/p>\n<h1>Redovni godi\u0161nji pregled<\/h1>\n<p>Dolazak na godi\u0161nji ginekolo\u0161ki pregled poma\u017ee \u017eenama da ostanu zdrave u svakom \u017eivotnom dobu i u svim fazama \u017eivota. U na\u0161oj ordinaciji dr. Davidovic-Grigoraki obavlja godi\u0161nje ginekolo\u0161ke preglede \u017eenama svih starosnih grupa kako bi pru\u017eila negu i smernice potrebne za optimalno zdravlje i dobrobit.[\/vc_column_text][vc_column_text el_class=&#8220;innerServiceTextArea2&#8243;]<\/p>\n<h3><\/h3>\n<h3>Pitanja i odgovori za Redovni godi\u0161nji pregled<\/h3>\n<h4><\/h4>\n<h4>\u0160ta se de\u0161ava tokom godi\u0161njeg ginekolo\u0161kog pregleda?<\/h4>\n<p>Godi\u0161nji ginekolo\u0161ki pregled zapo\u010dinje kompletnom medicinskom anamnezom kako bi se otkrili faktori rizika i druga pitanja koja \u0107e mo\u017eda trebati proceniti. Pita\u0107emo Vas tako\u0111e za sve simptome ili zabrinutosti koje imate. Merimo i bele\u017eimo Va\u0161 krvni pritisak i telesnu masu, obavljamo klini\u010dki pregled dojki i karlice. Tako\u0111e se mogu izvr\u0161iti Papa test, HPV pregled ili pregled na seksualno prenosive bolesti. U zavisnosti od faktora rizika koje imate, mogu se obaviti ili naru\u010diti dodatna ispitivanja, uklju\u010duju\u0107i testove urina, va\u0111enje krvi ili mamografiju. Pacijenti mogu dobiti smernice u vezi sa polno prenosivim bolestima, trudno\u0107om, kontrolom ra\u0111anja, menopauzom ili drugim relevantnim pitanjima.<\/p>\n<h4><\/h4>\n<h4>Za\u0161to je godi\u0161nji ginekolo\u0161ki pregled va\u017ean?<\/h4>\n<p>Godi\u0161nji ginekolo\u0161ki pregled je vrlo va\u017ean deo odr\u017eavanja optimalnog zdravlja tokom \u017eivota jedne \u017eene. Obavljaju\u0107i pregled svake godine, lak\u0161e je uo\u010diti rane promene koje mogu ukazivati na prisutnost bolesti, tako da se le\u010denje mo\u017ee zapo\u010deti \u0161to je pre mogu\u0107e. Godi\u0161nji pregledi tako\u0111e poma\u017eu pacijentima da dobiju odgovaraju\u0107e testove i skrining u svakoj \u017eivotnoj dobi, kao i smernice i obrazovanje koje \u0107e im pomo\u0107i da ostanu zdravi. I na kraju, godi\u0161nji pregledi vam pru\u017eaju mogu\u0107nost razgovora sa lekarom o medicinskim problemima radi postizanja ve\u0107eg mira.<\/p>\n<p>Obavljanjem redovnih godi\u0161njih ginekolo\u0161kih pregleda \u017eene mogu nau\u010diti odr\u017eavati zdrav na\u010din \u017eivota i usvojiti navike koje olak\u0161avaju dugoro\u010dno zdravlje.[\/vc_column_text][\/vc_column][vc_column width=&#8220;1\/4&#8243; el_class=&#8220;innerServiceSidemenu&#8220;][vc_widget_sidebar sidebar_id=&#8220;sidebar-2&#8243;][vc_widget_sidebar sidebar_id=&#8220;sidebar-3&#8243;][\/vc_column][\/vc_row][vc_row][vc_column][vc_separator color=&#8220;custom&#8220; el_width=&#8220;80&#8243; accent_color=&#8220;#9b9b9b&#8220;][\/vc_column][\/vc_row]<\/p>\n<\/div>","protected":false},"excerpt":{"rendered":"<p>[vc_row full_width=&#8220;stretch_row_content_no_spaces&#8220; el_class=&#8220;breadcrumb&#8220;][vc_column][vc_column_text] Redovni godi\u0161nji pregled Po\u010detna > Redovni godi\u0161nji pregled [\/vc_column_text][\/vc_column][\/vc_row][vc_row el_class=&#8220;container innerServiceRow&#8220;][vc_column width=&#8220;3\/4&#8243;][vc_single_image image=&#8220;432&#8243; img_size=&#8220;full&#8220;][vc_column_text el_class=&#8220;innerServiceTextArea1&#8243;] Redovni godi\u0161nji pregled Dolazak na godi\u0161nji ginekolo\u0161ki pregled poma\u017ee \u017eenama da ostanu zdrave u svakom \u017eivotnom dobu i u svim fazama \u017eivota. U na\u0161oj ordinaciji dr. Davidovic-Grigoraki obavlja godi\u0161nje ginekolo\u0161ke preglede \u017eenama svih starosnih grupa kako bi [&hellip;]<\/p>\n","protected":false},"author":1,"featured_media":0,"parent":0,"menu_order":0,"comment_status":"closed","ping_status":"closed","template":"","meta":{"footnotes":""},"class_list":["post-431","page","type-page","status-publish","hentry"],"_links":{"self":[{"href":"https:\/\/www.davidovic-grigoraki.gr\/sr\/wp-json\/wp\/v2\/pages\/431","targetHints":{"allow":["GET"]}}],"collection":[{"href":"https:\/\/www.davidovic-grigoraki.gr\/sr\/wp-json\/wp\/v2\/pages"}],"about":[{"href":"https:\/\/www.davidovic-grigoraki.gr\/sr\/wp-json\/wp\/v2\/types\/page"}],"author":[{"embeddable":true,"href":"https:\/\/www.davidovic-grigoraki.gr\/sr\/wp-json\/wp\/v2\/users\/1"}],"replies":[{"embeddable":true,"href":"https:\/\/www.davidovic-grigoraki.gr\/sr\/wp-json\/wp\/v2\/comments?post=431"}],"version-history":[{"count":5,"href":"https:\/\/www.davidovic-grigoraki.gr\/sr\/wp-json\/wp\/v2\/pages\/431\/revisions"}],"predecessor-version":[{"id":1149,"href":"https:\/\/www.davidovic-grigoraki.gr\/sr\/wp-json\/wp\/v2\/pages\/431\/revisions\/1149"}],"wp:attachment":[{"href":"https:\/\/www.davidovic-grigoraki.gr\/sr\/wp-json\/wp\/v2\/media?parent=431"}],"curies":[{"name":"wp","href":"https:\/\/api.w.org\/{rel}","templated":true}]}}