{"id":409,"date":"2021-07-27T10:58:59","date_gmt":"2021-07-27T07:58:59","guid":{"rendered":"https:\/\/miona.happyoffline.eu\/?page_id=409"},"modified":"2021-11-19T15:43:36","modified_gmt":"2021-11-19T12:43:36","slug":"colposcopy","status":"publish","type":"page","link":"https:\/\/www.davidovic-grigoraki.gr\/sr\/colposcopy\/","title":{"rendered":"Kolposkopija"},"content":{"rendered":"<div class=\"wpb-content-wrapper\"><p>[vc_row full_width=&#8220;stretch_row_content_no_spaces&#8220; el_class=&#8220;breadcrumb&#8220;][vc_column][vc_column_text]<\/p>\n<h2 style=\"text-align: center;\">Kolposkopija<\/h2>\n<p style=\"text-align: center;\"><a href=\"\/sr\">Po\u010detna <\/a>> <a href=\"\/colposcopy\/\">Kolposkopija<\/a><\/p>\n<p>[\/vc_column_text][\/vc_column][\/vc_row][vc_row el_class=&#8220;container innerServiceRow&#8220;][vc_column width=&#8220;3\/4&#8243;][vc_single_image image=&#8220;425&#8243; img_size=&#8220;full&#8220;][vc_column_text el_class=&#8220;innerServiceTextArea1&#8243;]<\/p>\n<h1>Kolposkopija<\/h1>\n<p>Ako dobijete rezultat Papa testa sa abnormalnim nalazom ili ukoliko je Va\u0161 HPV nalaz pozitivan na tip 16 ili 18 preporu\u010di\u0107emo Vam kolposkopiju, \u0161to je postupak koji se koristi za detaljnije ispitivanje grli\u0107a materice. Prilikom kolposkopskog pregleda, ukoliko procenimo da ima potrebe,\u00a0 mogu\u0107e je i uzimanje biopsije grli\u0107a materice.\u00a0 Ne\u0107e sve \u017eene s abnormalnim skrining testom (Papa test i HPV test) imati potrebu za le\u010denjem. Kolposkopija, sa ili bez biopsije, mo\u017ee pomo\u0107i u utvr\u0111ivanju da li je i kada potrebno le\u010denje promene.<\/p>\n<p>Ukoliko imate indikaciju za kolposkopiju zaka\u017eite pregled u na\u0161oj ginekolo\u0161koj ambulanti.[\/vc_column_text][vc_column_text el_class=&#8220;innerServiceTextArea2&#8243;]<\/p>\n<h3>Pitanja i odgovori o kolposkopiji<\/h3>\n<h4>\u0160ta je\u00a0 kolposkopija?<\/h4>\n<p>Kolposkopija je dijagnosti\u010dki postupak u kojem se kolposkopom (mikroskop sa razli\u010ditim so\u010divima za uve\u0107avanje) daje osvetljen i uve\u0107an pogled na grli\u0107 materice, vaginu i vulvu. Primarni cilj kolposkopije je identifikacija prekanceroza i karcinomskih promena kako bi se mogle le\u010diti na vreme.<\/p>\n<h4>Kad je potrebno da radim kolposkopski pregled?<\/h4>\n<p>Kolposkopiju Vam prporu\u010dujemo nakon abnormalnog Papa testa ili pozitivnog HPV testa na tip 16 ili 18, kao i ukoliko primetimo neku abnormalnost tokom rutinskog pregleda karlice.<\/p>\n<p>Kolposkopijom mo\u017eemo dijagnostikovati\u00a0 cervicitis ili upalu grli\u0107a materice, displaziju tj. prekancerozu grli\u0107a, vagine ili vulve, genitalne bradavice, a mo\u017eemo postaviti i ozbiljnu sumnju na karcinom grli\u0107a materice.<\/p>\n<h4>Kako se pripremam za kolposkopski pregled?<\/h4>\n<p>-Dva dana pre dolaska na zakazani kolposkopski pregled ne biste trebali stavljati ni\u0161ta u vaginu (npr. vaginalete ili kreme).<\/p>\n<p>&#8211; Ukoliko imate menstrualno krvarenje na dan zakazanog pregleda, molim Vas javite nam se telefonski da bismo zakazali kolposkopiju za drugi dan.<\/p>\n<p>&#8211; Ukoliko uzimate neki od lekova za spre\u010davanje nastanka krvnih ugru\u0161aka kao \u0161to su aspirin, varfarin, heparin ili klopidogrel, obavestite nas jer ovi lekovi mogu pove\u0107ati krvarenje ako imate biopsiju tokom kolposkopije.<\/p>\n<p>&#8211; Ukoliko znate da ste trudni ili mislite da biste mogli biti trudni obavestite nas. Kolposkopija se radi i u trudno\u0107i ali ne radimo uvek biopsiju grli\u0107a materice.<\/p>\n<h4>Kako izgleda postupak kolposkopije?<\/h4>\n<p>\u2013 Kolposkopija se izvodi dok le\u017eite na stolu za ginekolo\u0161ki pregled. Nakon \u00a0pa\u017eljivog postavljanja spekuluma u vaginu, Va\u0161 ginekolog\u00a0 posmatra grli\u0107 materice pomo\u0107u kolposkopa. Kolposkop je poput mikroskopa na postolju i ne dodiruje Vas.<\/p>\n<p>Tokom posmatranja grli\u0107a ginekolog \u0107e premazati Va\u0161 grli\u0107 rastvorom sir\u0107etne kiseline. Na taj na\u010din \u0107e sva abnormalna podru\u010dja postati vidljivija. Ovaj postupak ne izaziva nikakav bol. Mogu\u0107e je da \u0107e te osetiti lako peckanje, ni\u0161ta vi\u0161e od toga.<\/p>\n<p>U slu\u010daju da postoji potreba za biopsijom (uklanjanje malog dela abnormalnog tkiva grli\u0107a materice ili vagine) ginekolog \u0107e Vam to saop\u0161titi tokom pregleda. Imati biopsiju ne zna\u010di da imate prekancerozu. Anestezija se obi\u010dno ne koristi pre biopsije jer biopsija uzrokuje samo blagu nelagodu. Ukoliko insistirate na anesteziji, po\u0161tova\u0107emo Va\u0161u \u017eelju. Uzorak tkiva uzet biopsijom \u0161aljemo u laboratoriju gde se nakon posebnih metoda posmatra pod mikroskopom. O patohistolo\u0161kom nalazu \u0107emo Vas obavestiti za nekoliko dana.<\/p>\n<p>Nekim \u017eenama je tako\u0111e potrebna biopsija unutarnjeg dela grli\u0107a materice, tj. kanala grli\u0107a. Ta biopsija se naziva endocervikalna kireta\u017ea (ECC). Trudnicama ne radimo\u00a0 ECC jer bi ona moglo poremetiti trudno\u0107u.\u00a0 ECC mo\u017ee uzrokovati\u00a0 bol, koji kod ve\u0107ine \u017eena brzo prolazi.<\/p>\n<h4>Koliko traje kolposkopski pregled?<\/h4>\n<p>Kolposkopija traje otprilike 10 do 20 minuta. Ukoliko uzimamo biopsiju traja\u0107e oko 5 minuta du\u017ee.<\/p>\n<h4>\u0160ta da o\u010dekujem posle kolposkopije?<\/h4>\n<p>Ako ste imali biopsiju prilikom kolposkopije mogu\u0107e je da \u0107ete imati malo vaginalno krvarenje ili taman iscedak iz vagine koji traju maksimalno nekoliko dana. Ve\u0107ina \u017eena se mo\u017ee vratiti na posao odmah nakon kolposkopije. Neke \u017eene imaju isti ose\u0107aj u trbuhu kao prvog dana menstruacije, to je zato \u0161to se materica gr\u010di. Gr\u010denje prestaje u roku od sat, dva. Ne stavljajte ni\u0161ta u vaginu i nemojte imati seksualne odnose naredna dva dana.<\/p>\n<h4>Kada bih trebala zatra\u017eiti pomo\u0107?<\/h4>\n<p>\u2013 Nazovite nas ako imate bilo \u0161ta od slede\u0107eg nakon kolposkopije:<\/p>\n<ul>\n<li>Jako vaginalno krvarenje (ako napunite pun ulo\u017eak za sat vremena)<\/li>\n<li>Vaginalno krvarenje koje traje du\u017ee od 7 dana<\/li>\n<li>Iscjedak iz vagine koji ima jak neugodan miris.<\/li>\n<li>Bol u trbuhu koji se ne smanjuje nakon upotrebe ibuprofena.<\/li>\n<li>Temperaturu vi\u0161a od 38 \u00b0 C<\/li>\n<\/ul>\n<p>[\/vc_column_text][\/vc_column][vc_column width=&#8220;1\/4&#8243; el_class=&#8220;innerServiceSidemenu&#8220;][vc_widget_sidebar sidebar_id=&#8220;sidebar-2&#8243;][vc_widget_sidebar sidebar_id=&#8220;sidebar-3&#8243;][\/vc_column][\/vc_row][vc_row][vc_column][vc_separator color=&#8220;custom&#8220; el_width=&#8220;80&#8243; accent_color=&#8220;#9b9b9b&#8220;][\/vc_column][\/vc_row]<\/p>\n<\/div>","protected":false},"excerpt":{"rendered":"<p>[vc_row full_width=&#8220;stretch_row_content_no_spaces&#8220; el_class=&#8220;breadcrumb&#8220;][vc_column][vc_column_text] Kolposkopija Po\u010detna > Kolposkopija [\/vc_column_text][\/vc_column][\/vc_row][vc_row el_class=&#8220;container innerServiceRow&#8220;][vc_column width=&#8220;3\/4&#8243;][vc_single_image image=&#8220;425&#8243; img_size=&#8220;full&#8220;][vc_column_text el_class=&#8220;innerServiceTextArea1&#8243;] Kolposkopija Ako dobijete rezultat Papa testa sa abnormalnim nalazom ili ukoliko je Va\u0161 HPV nalaz pozitivan na tip 16 ili 18 preporu\u010di\u0107emo Vam kolposkopiju, \u0161to je postupak koji se koristi za detaljnije ispitivanje grli\u0107a materice. Prilikom kolposkopskog pregleda, ukoliko procenimo da [&hellip;]<\/p>\n","protected":false},"author":1,"featured_media":0,"parent":0,"menu_order":0,"comment_status":"closed","ping_status":"closed","template":"","meta":{"footnotes":""},"class_list":["post-409","page","type-page","status-publish","hentry"],"_links":{"self":[{"href":"https:\/\/www.davidovic-grigoraki.gr\/sr\/wp-json\/wp\/v2\/pages\/409","targetHints":{"allow":["GET"]}}],"collection":[{"href":"https:\/\/www.davidovic-grigoraki.gr\/sr\/wp-json\/wp\/v2\/pages"}],"about":[{"href":"https:\/\/www.davidovic-grigoraki.gr\/sr\/wp-json\/wp\/v2\/types\/page"}],"author":[{"embeddable":true,"href":"https:\/\/www.davidovic-grigoraki.gr\/sr\/wp-json\/wp\/v2\/users\/1"}],"replies":[{"embeddable":true,"href":"https:\/\/www.davidovic-grigoraki.gr\/sr\/wp-json\/wp\/v2\/comments?post=409"}],"version-history":[{"count":5,"href":"https:\/\/www.davidovic-grigoraki.gr\/sr\/wp-json\/wp\/v2\/pages\/409\/revisions"}],"predecessor-version":[{"id":1157,"href":"https:\/\/www.davidovic-grigoraki.gr\/sr\/wp-json\/wp\/v2\/pages\/409\/revisions\/1157"}],"wp:attachment":[{"href":"https:\/\/www.davidovic-grigoraki.gr\/sr\/wp-json\/wp\/v2\/media?parent=409"}],"curies":[{"name":"wp","href":"https:\/\/api.w.org\/{rel}","templated":true}]}}