{"id":394,"date":"2021-07-26T15:13:17","date_gmt":"2021-07-26T12:13:17","guid":{"rendered":"https:\/\/miona.happyoffline.eu\/?page_id=394"},"modified":"2021-11-19T15:32:01","modified_gmt":"2021-11-19T12:32:01","slug":"biography","status":"publish","type":"page","link":"https:\/\/www.davidovic-grigoraki.gr\/sr\/biography\/","title":{"rendered":"Biography"},"content":{"rendered":"<div class=\"wpb-content-wrapper\"><p>[vc_row full_width=&#8220;stretch_row_content_no_spaces&#8220; el_class=&#8220;breadcrumb&#8220;][vc_column][vc_column_text]<\/p>\n<h2 style=\"text-align: center;\">Biografija<\/h2>\n<p style=\"text-align: center;\"><a href=\"\/sr\">Po\u010detna <\/a>> <a href=\"\/biography\/\">Biografija<\/a><\/p>\n<p>[\/vc_column_text][\/vc_column][\/vc_row][vc_row el_class=&#8220;container&#8220;][vc_column][vc_row_inner el_class=&#8220;innerBioRow1&#8243;][vc_column_inner width=&#8220;1\/3&#8243;][vc_single_image image=&#8220;633&#8243; img_size=&#8220;full&#8220;][\/vc_column_inner][vc_column_inner width=&#8220;2\/3&#8243;][vc_column_text]<\/p>\n<h4>dr Miona Davidovi\u0107-Grigoraki MD, MSc Specijalista ginekologije i aku\u0161erstva<\/h4>\n<h5>Subspecijalista ginekolo\u0161ke onkologije<br \/>\n(ESGO diploma \u2039\u2039Evropski ginekolog-onkolog\u203a\u203a)<\/h5>\n<p>[\/vc_column_text][vc_single_image image=&#8220;634&#8243; img_size=&#8220;full&#8220;][\/vc_column_inner][\/vc_row_inner][vc_row_inner el_class=&#8220;innerBioRow2&#8243;][vc_column_inner width=&#8220;3\/4&#8243;][vc_column_text]Posve\u0107ena i iskusna doktorka medicine, specijalista ginekologije i aku\u0161erstva, subspecijalista ginekolo\u0161ke onkologije, sa preko 18 godina klini\u010dkog iskustva i aktivne medicinske prakse u Srbiji i Gr\u010dkoj. Poseduje lekarsku dozvolu Lekarske komore Srbije i Lekarske komore Gr\u010dke i akreditovani je Evropski ginekolog onkolog od strane Evropske organizacije ginekologa onkologa. Autor je brojnih objavljenih, visoko kvalitetnih i recenziranih nau\u010dnih radova I konferencijskih prezentacija. Saose\u0107ajna lekarka koja po\u0161tuje pacijente i dopunjuje svoje medicinsko znanje i ve\u0161tine kontinuiranim u\u010denjem. Poseduje odli\u010dnu radnu etiku i pridr\u017eava se profesionalnog kodeksa pona\u0161anja.<\/p>\n<p><a class=\"liveBtn\" href=\"#BiographyDoc\">Op\u0161irnije \u2193<\/a>[\/vc_column_text][\/vc_column_inner][vc_column_inner width=&#8220;1\/4&#8243;][vc_single_image image=&#8220;635&#8243; img_size=&#8220;full&#8220;][\/vc_column_inner][\/vc_row_inner][vc_row_inner el_class=&#8220;innerBioRow3&#8243;][vc_column_inner el_id=&#8220;BiographyDoc&#8220;][vc_column_text]<\/p>\n<h2>Biografija<\/h2>\n<h4>2021 \u2013 <strong>danas<\/strong><\/h4>\n<h5>PRIVATNA GINEKOLO\u0160KA ORDINACIJA, lekar, vlasnik. Saradnja sa privatnom bolnicom Rea Maternity Hospital, Atina, Gr\u010dka<\/h5>\n<h4>2019 \u2013 2021<\/h4>\n<h5>TZANEIO OP\u0160TA BOLNICA PIREJA, Gr\u010dka<\/h5>\n<p>Odeljenje ginekologije i aku\u0161erstva, Hirur\u0161ka klinika<\/p>\n<h4>2016 \u2013 2018<\/h4>\n<h5>INSTITUT ZA ONKOLOGIJU VOJVODINE, Srbija<\/h5>\n<p>Odeljenje ginekologije, Klinika za operativnu onkologiju<\/p>\n<p>ESGO akreditovani subspacijalista ginekolo\u0161ke onkologije (2016 \u2013 danas)<br \/>\n\u0160ef odseka za radikalnu hirurgiju<\/p>\n<p>Projekat: O\u010duvanje fertilnosti kod onkolo\u0161kih pacijentkinja -Onkofertilitet. Pod pokroviteljstvom Sekretarijata za zdravstvo, Skup\u0161tine Autonomne Pokrajine Vojvodine, Srbija (2016-2017)<\/p>\n<h4>2014 \u2013 2016<\/h4>\n<h5>BOLNICA ALEKSANDRA, UNIVERZITET U ATINI, Gr\u010dka<\/h5>\n<p>Prva klinika za ginekologiju i aku\u0161erstvo<br \/>\nSubspecijalizant ginekolo\u0161ke onkologije (ESGO subspecijalisti\u010dki program)<\/p>\n<h4>2003 \u2013 2014<\/h4>\n<h5>INSTITUT ZA ONKOLOGIJU VOJVODINE, Serbia<\/h5>\n<p>Odeljenje ginekologije, Klinika za operativnu onkologiju<br \/>\nSpecijalista ginekologije i aku\u0161erstva (od 2010)<\/p>\n<p>Projekat: O\u010duvanje fertilnosti kod onkolo\u0161kih pacijentkinja -Onkofertilitet. Pod pokroviteljstvom Sekretarijata za zdravstvo, Skup\u0161tine Autonomne Pokrajine Vojvodine, Srbija (2016-2017)<\/p>\n<h4>Edukacija i kavlifikacije<\/h4>\n<p><strong>Nistrifikacija diplome<\/strong>: Specijalizacija (2020.), Atina, Gr\u010dka<\/p>\n<p><strong>ESGO sertifikat -subspecijalizacija<\/strong>: European Gynaecologic Oncologist (2016)<\/p>\n<p><strong>Nostrifikacija diplome u Gr\u010dkoj<\/strong>: Doktor medicine i Magistar medicinskih nauka (2012.), Atina, Gr\u010dka<\/p>\n<p><strong>Specijalizacija<\/strong>: Specijalista ginekologije i aku\u0161erstva (2010.), Univerzitet u Novom Sadu, Medicinski fakultet<\/p>\n<p><strong>Magistar med.nauka<\/strong>: Univerzitet u Novom Sadu, Medicinski fakultet<\/p>\n<p style=\"padding-left: 40px;\">Teza: \u201cIspitivanje kvaliteta \u017eivota kod pacijentkinja obolelih od carcinoma grli\u0107a materice, le\u010denih sa dva razli\u010dita terapijska modaliteta.\u201d<\/p>\n<p><strong>Diploma doktora medicine<\/strong>: Doktor medicine (2003.), Univerzitet u Novom Sadu, Medicinski fakultet<\/p>\n<h4>Nagrade<\/h4>\n<ul>\n<li>Nagrada akademika Berislava Beri\u0107a za najbolji nau\u010dni rad na 52. Ginekolo\u0161ko aku\u0161erskoj nedelji SLD, Beograd (2009) Rad: Radikalna trahelektomija \u2013alternative radikalnoj histerektomiji u cilju o\u010duvanja reproduktivne funkcije.<\/li>\n<li>Tre\u0107a nagrada za najbolju prezentaciju dr D. Kokanov \u201cPelvic actinomycosis mimics ovarian cancer \u2013A case report\u201d na Drugom ISIDOG kongresu, Be\u010d, Austrija (2017)<\/li>\n<\/ul>\n<h4>Dodatne ve\u0161tine<\/h4>\n<p><strong>Laparoskopija i histeroskopija<\/strong> : \u201cKurt Semm\u201d Diploma XIX Croatian Postgraduate Course on Gynecological Surgery and Endoscopy, Zabok-\u010cakovec, Hrvatska, Dec 2017.<\/p>\n<p><strong>Kolposkopija<\/strong>: Atina, Gr\u010dka, Jul 2013. i Jul 2015<\/p>\n<p><strong>IOTA ultrasound<\/strong>: IOTA sertifikat, Atina, Gr\u010dka, Sept 2019.<\/p>\n<h4>Jezici<\/h4>\n<p>srpski (maternji), engleski (profesionalni), gr\u010dki (profesionalni), francuski (B2 nivo polo\u017een 1993)[\/vc_column_text][\/vc_column_inner][\/vc_row_inner][\/vc_column][\/vc_row]<\/p>\n<\/div>","protected":false},"excerpt":{"rendered":"<p>[vc_row full_width=&#8220;stretch_row_content_no_spaces&#8220; el_class=&#8220;breadcrumb&#8220;][vc_column][vc_column_text] Biografija Po\u010detna > Biografija [\/vc_column_text][\/vc_column][\/vc_row][vc_row el_class=&#8220;container&#8220;][vc_column][vc_row_inner el_class=&#8220;innerBioRow1&#8243;][vc_column_inner width=&#8220;1\/3&#8243;][vc_single_image image=&#8220;633&#8243; img_size=&#8220;full&#8220;][\/vc_column_inner][vc_column_inner width=&#8220;2\/3&#8243;][vc_column_text] dr Miona Davidovi\u0107-Grigoraki MD, MSc Specijalista ginekologije i aku\u0161erstva Subspecijalista ginekolo\u0161ke onkologije (ESGO diploma \u2039\u2039Evropski ginekolog-onkolog\u203a\u203a) [\/vc_column_text][vc_single_image image=&#8220;634&#8243; img_size=&#8220;full&#8220;][\/vc_column_inner][\/vc_row_inner][vc_row_inner el_class=&#8220;innerBioRow2&#8243;][vc_column_inner width=&#8220;3\/4&#8243;][vc_column_text]Posve\u0107ena i iskusna doktorka medicine, specijalista ginekologije i aku\u0161erstva, subspecijalista ginekolo\u0161ke onkologije, sa preko 18 godina klini\u010dkog iskustva i aktivne medicinske [&hellip;]<\/p>\n","protected":false},"author":1,"featured_media":0,"parent":0,"menu_order":0,"comment_status":"closed","ping_status":"closed","template":"","meta":{"footnotes":""},"class_list":["post-394","page","type-page","status-publish","hentry"],"_links":{"self":[{"href":"https:\/\/www.davidovic-grigoraki.gr\/sr\/wp-json\/wp\/v2\/pages\/394","targetHints":{"allow":["GET"]}}],"collection":[{"href":"https:\/\/www.davidovic-grigoraki.gr\/sr\/wp-json\/wp\/v2\/pages"}],"about":[{"href":"https:\/\/www.davidovic-grigoraki.gr\/sr\/wp-json\/wp\/v2\/types\/page"}],"author":[{"embeddable":true,"href":"https:\/\/www.davidovic-grigoraki.gr\/sr\/wp-json\/wp\/v2\/users\/1"}],"replies":[{"embeddable":true,"href":"https:\/\/www.davidovic-grigoraki.gr\/sr\/wp-json\/wp\/v2\/comments?post=394"}],"version-history":[{"count":5,"href":"https:\/\/www.davidovic-grigoraki.gr\/sr\/wp-json\/wp\/v2\/pages\/394\/revisions"}],"predecessor-version":[{"id":1147,"href":"https:\/\/www.davidovic-grigoraki.gr\/sr\/wp-json\/wp\/v2\/pages\/394\/revisions\/1147"}],"wp:attachment":[{"href":"https:\/\/www.davidovic-grigoraki.gr\/sr\/wp-json\/wp\/v2\/media?parent=394"}],"curies":[{"name":"wp","href":"https:\/\/api.w.org\/{rel}","templated":true}]}}