{"id":2,"date":"2021-06-30T12:36:18","date_gmt":"2021-06-30T09:36:18","guid":{"rendered":"https:\/\/argiris.happydev.gr\/?page_id=2"},"modified":"2021-11-19T11:51:06","modified_gmt":"2021-11-19T08:51:06","slug":"sample-page","status":"publish","type":"page","link":"https:\/\/www.davidovic-grigoraki.gr\/sr\/","title":{"rendered":"Home"},"content":{"rendered":"<div class=\"wpb-content-wrapper\"><p>[vc_row el_id=&#8220;home1&#8243;][vc_column][vc_column_text][\/vc_column_text][vc_raw_html el_id=&#8220;homeSocialIcons&#8220;]JTNDYSUyMGhyZWYlM0QlMjJodHRwcyUzQSUyRiUyRnd3dy5mYWNlYm9vay5jb20lMkZNaW9uYS1EYXZpZG92aWMtR3JpZ29yYWtpLTEwMDcwNzQ0OTExMjY4MCUyMiUzRSUzQ2klMjBjbGFzcyUzRCUyMmZhYiUyMGZhLWZhY2Vib29rLWYlMjIlM0UlM0MlMkZpJTNFJTNDJTJGYSUzRSUwQSUzQ2ElMjBocmVmJTNEJTIyaHR0cHMlM0ElMkYlMkZ3d3cuaW5zdGFncmFtLmNvbSUyRm1pb25hLmRhdmlkb3ZpY2dyaWdvcmFraSUyRiUzRmhsJTNEc3IlMjIlM0UlM0NpJTIwY2xhc3MlM0QlMjJmYWIlMjBmYS1pbnN0YWdyYW0lMjIlM0UlM0MlMkZpJTNFJTNDJTJGYSUzRSUwQSUzQyUyMS0tJTIwJTNDYSUyMGhyZWYlM0QlMjIlMjMlMjIlM0UlM0NpJTIwY2xhc3MlM0QlMjJmYWIlMjBmYS15b3V0dWJlJTIyJTNFJTNDJTJGaSUzRSUzQyUyRmElM0UlMjAtLSUzRSUwQQ==[\/vc_raw_html][\/vc_column][\/vc_row][vc_row full_width=&#8220;stretch_row_content_no_spaces&#8220; el_id=&#8220;About&#8220;][vc_column][vc_row_inner el_class=&#8220;aboutInnerRow&#8220;][vc_column_inner width=&#8220;1\/3&#8243;][vc_single_image image=&#8220;599&#8243; img_size=&#8220;full&#8220; alignment=&#8220;center&#8220;][\/vc_column_inner][vc_column_inner width=&#8220;2\/3&#8243;][vc_column_text el_class=&#8220;aboutText&#8220;]<\/p>\n<h2><strong>Lekar<\/strong><\/h2>\n<h3>Miona Davidovi\u0107-Grigoraki Specijalista ginekologije i aku\u0161erstva<\/h3>\n<h4>Subspecijalista ginekolo\u0161ke onkologije<br \/>\n(ESGO diploma \u2039\u2039Evropski ginekolog-onkolog\u203a\u203a)<\/h4>\n<p>Dr Davidovi\u0107-Grigoraki je vi\u0161estruko sertifikovani i iskusni ginekolog, \u010dija se ordinacija nalazi u centru Glifade, u Atini. Ordinacija je opu\u0161taju\u0107a i udobna, bez \u017eurbe sa pacijentima. Fokus njene prakse je potpuno zdravlje pacijenata, kako uma tako i tela.<\/p>\n<p><a class=\"aboutBtn\" href=\"\/biography\/\">Pro\u010ditajte potpuniju biografiju<\/a>[\/vc_column_text][\/vc_column_inner][\/vc_row_inner][\/vc_column][\/vc_row][vc_row el_id=&#8220;Services&#8220;][vc_column][vc_custom_heading text=&#8220;Usluge&#8220; font_container=&#8220;tag:h2|text_align:center&#8220; use_theme_fonts=&#8220;yes&#8220;][vc_row_inner el_class=&#8220;container homeServiceRow&#8220;][vc_column_inner el_class=&#8220;homeServiceCol&#8220; width=&#8220;1\/4&#8243;][vc_single_image image=&#8220;605&#8243; img_size=&#8220;full&#8220; alignment=&#8220;center&#8220; el_class=&#8220;homeServiceImg&#8220;][vc_column_text el_class=&#8220;homeServiceText&#8220;]<\/p>\n<h3 style=\"text-align: center;\">Redovni godi\u0161nji pregled<\/h3>\n<p style=\"text-align: center;\"><a href=\"\/sr\/annual-exams\/\">Pogledaj uslugu<\/a><\/p>\n<p>[\/vc_column_text][\/vc_column_inner][vc_column_inner el_class=&#8220;homeServiceCol&#8220; width=&#8220;1\/4&#8243;][vc_single_image image=&#8220;606&#8243; img_size=&#8220;full&#8220; alignment=&#8220;center&#8220; el_class=&#8220;homeServiceImg&#8220;][vc_column_text el_class=&#8220;homeServiceText&#8220;]<\/p>\n<h3 style=\"text-align: center;\">Pra\u0107enje trudno\u0107e<\/h3>\n<p style=\"text-align: center;\"><a href=\"\/sr\/pregnancy-care\/\">Pogledaj uslugu<\/a><\/p>\n<p>[\/vc_column_text][\/vc_column_inner][vc_column_inner el_class=&#8220;homeServiceCol&#8220; width=&#8220;1\/4&#8243;][vc_single_image image=&#8220;607&#8243; img_size=&#8220;full&#8220; alignment=&#8220;center&#8220; el_class=&#8220;homeServiceImg&#8220;][vc_column_text el_class=&#8220;homeServiceText&#8220;]<\/p>\n<h3 style=\"text-align: center;\">Kontracepcija<\/h3>\n<p style=\"text-align: center;\"><a href=\"\/sr\/birth-control\/\">Pogledaj uslugu<\/a><\/p>\n<p>[\/vc_column_text][\/vc_column_inner][vc_column_inner el_class=&#8220;homeServiceCol&#8220; width=&#8220;1\/4&#8243;][vc_single_image image=&#8220;608&#8243; img_size=&#8220;full&#8220; alignment=&#8220;center&#8220; el_class=&#8220;homeServiceImg&#8220;][vc_column_text el_class=&#8220;homeServiceText&#8220;]<\/p>\n<h3 style=\"text-align: center;\">Testiranje na seksualno prenosive bolesti<\/h3>\n<p style=\"text-align: center;\"><a href=\"\/sr\/std-testing\/\">Pogledaj uslugu<\/a><\/p>\n<p>[\/vc_column_text][\/vc_column_inner][\/vc_row_inner][vc_row_inner el_class=&#8220;container homeServiceRow&#8220;][vc_column_inner el_class=&#8220;homeServiceCol&#8220; width=&#8220;1\/4&#8243;][vc_single_image image=&#8220;609&#8243; img_size=&#8220;full&#8220; alignment=&#8220;center&#8220; el_class=&#8220;homeServiceImg&#8220;][vc_column_text el_class=&#8220;homeServiceText&#8220;]<\/p>\n<h3 style=\"text-align: center;\">Kolposkopija<\/h3>\n<p style=\"text-align: center;\"><a href=\"\/sr\/colposcopy\/\">Pogledaj uslugu<\/a><\/p>\n<p>[\/vc_column_text][\/vc_column_inner][vc_column_inner el_class=&#8220;homeServiceCol&#8220; width=&#8220;1\/4&#8243;][vc_single_image image=&#8220;610&#8243; img_size=&#8220;full&#8220; alignment=&#8220;center&#8220; el_class=&#8220;homeServiceImg&#8220;][vc_column_text el_class=&#8220;homeServiceText&#8220;]<\/p>\n<h3 style=\"text-align: center;\">LEEP &#8211; konizacija<\/h3>\n<p style=\"text-align: center;\"><a href=\"\/sr\/leep\/\">Pogledaj uslugu<\/a><\/p>\n<p>[\/vc_column_text][\/vc_column_inner][vc_column_inner el_class=&#8220;homeServiceCol&#8220; width=&#8220;1\/4&#8243;][vc_single_image image=&#8220;611&#8243; img_size=&#8220;full&#8220; alignment=&#8220;center&#8220; el_class=&#8220;homeServiceImg&#8220;][vc_column_text el_class=&#8220;homeServiceText&#8220;]<\/p>\n<h3 style=\"text-align: center;\">Histeroskopija<\/h3>\n<p style=\"text-align: center;\"><a href=\"\/sr\/hysterscopy\/\">Pogledaj uslugu<\/a><\/p>\n<p>[\/vc_column_text][\/vc_column_inner][vc_column_inner el_class=&#8220;homeServiceCol&#8220; width=&#8220;1\/4&#8243;][vc_single_image image=&#8220;612&#8243; img_size=&#8220;full&#8220; alignment=&#8220;center&#8220; el_class=&#8220;homeServiceImg&#8220;][vc_column_text el_class=&#8220;homeServiceText&#8220;]<\/p>\n<h3 style=\"text-align: center;\">Laparoskopija<\/h3>\n<p style=\"text-align: center;\"><a href=\"\/sr\/laparoscopy\/\">Pogledaj uslugu<\/a><\/p>\n<p>[\/vc_column_text][\/vc_column_inner][\/vc_row_inner][vc_row_inner el_class=&#8220;container homeServiceRow&#8220;][vc_column_inner el_class=&#8220;homeServiceCol&#8220; width=&#8220;1\/4&#8243;][vc_single_image image=&#8220;1070&#8243; img_size=&#8220;full&#8220; alignment=&#8220;center&#8220; el_class=&#8220;homeServiceImg&#8220;][vc_column_text el_class=&#8220;homeServiceText&#8220;]<\/p>\n<h3 style=\"text-align: center;\">Estetska ginekologija<\/h3>\n<p style=\"text-align: center;\"><a href=\"\/sr\/labiaplasty\/\">Pogledaj uslugu<\/a><\/p>\n<p>[\/vc_column_text][\/vc_column_inner][vc_column_inner el_class=&#8220;homeServiceCol&#8220; width=&#8220;1\/4&#8243;][vc_single_image image=&#8220;614&#8243; img_size=&#8220;full&#8220; alignment=&#8220;center&#8220; el_class=&#8220;homeServiceImg&#8220;][vc_column_text el_class=&#8220;homeServiceText&#8220;]<\/p>\n<h3 style=\"text-align: center;\">Terapija inkontinencije<\/h3>\n<p style=\"text-align: center;\"><a href=\"\/sr\/urinary-incontinence-treatment\/\">Pogledaj uslugu<\/a><\/p>\n<p>[\/vc_column_text][\/vc_column_inner][vc_column_inner el_class=&#8220;homeServiceCol&#8220; width=&#8220;1\/4&#8243;][vc_single_image image=&#8220;615&#8243; img_size=&#8220;full&#8220; alignment=&#8220;center&#8220; el_class=&#8220;homeServiceImg&#8220;][vc_column_text el_class=&#8220;homeServiceText&#8220;]<\/p>\n<h3 style=\"text-align: center;\">Menopauza &#038; Tretman<\/h3>\n<p style=\"text-align: center;\"><a href=\"\/sr\/menopasual-treatment\/\">Pogledaj uslugu<\/a><\/p>\n<p>[\/vc_column_text][\/vc_column_inner][vc_column_inner el_class=&#8220;homeServiceCol&#8220; width=&#8220;1\/4&#8243;][vc_single_image image=&#8220;616&#8243; img_size=&#8220;full&#8220; alignment=&#8220;center&#8220; el_class=&#8220;homeServiceImg&#8220;][vc_column_text el_class=&#8220;homeServiceText&#8220;]<\/p>\n<h3 style=\"text-align: center;\">Drugo mi\u0161ljenje<\/h3>\n<p style=\"text-align: center;\"><a href=\"\/second-opinion\/\">Pogledaj uslugu<\/a><\/p>\n<p>[\/vc_column_text][\/vc_column_inner][\/vc_row_inner][\/vc_column][\/vc_row][vc_row el_id=&#8220;Expertise&#8220;][vc_column][vc_custom_heading text=&#8220;Subspecijalisti\u010dka Oblast&#8220; font_container=&#8220;tag:h2|text_align:center&#8220; use_theme_fonts=&#8220;yes&#8220;][vc_row_inner el_class=&#8220;container&#8220;][vc_column_inner el_class=&#8220;AoECol&#8220; width=&#8220;1\/3&#8243;][vc_single_image image=&#8220;620&#8243; img_size=&#8220;full&#8220; alignment=&#8220;center&#8220; el_class=&#8220;expertiseImg&#8220;][vc_column_text el_class=&#8220;expertiseText&#8220;]<img loading=\"lazy\" decoding=\"async\" class=\"alignnone size-full wp-image-327\" src=\"https:\/\/davidovic-grigoraki.gr\/wp-content\/uploads\/2021\/07\/exp-icon1.png\" alt=\"\" width=\"74\" height=\"68\" \/><\/p>\n<h3>Prevencija ginekolo\u0161kih karcinoma<\/h3>\n<p><a href=\"\/sr\/category\/area-of-expertise\/prevention-of-womans-disease\/\">Pogledaj uslugu<\/a>[\/vc_column_text][\/vc_column_inner][vc_column_inner el_class=&#8220;AoECol&#8220; width=&#8220;1\/3&#8243;][vc_single_image image=&#8220;1011&#8243; img_size=&#8220;full&#8220; alignment=&#8220;center&#8220; el_class=&#8220;expertiseImg&#8220;][vc_column_text el_class=&#8220;expertiseText&#8220;]<\/p>\n<h3><img loading=\"lazy\" decoding=\"async\" class=\"alignnone size-full wp-image-328\" src=\"https:\/\/davidovic-grigoraki.gr\/wp-content\/uploads\/2021\/07\/exp-icon2.png\" alt=\"\" width=\"81\" height=\"69\" \/><\/h3>\n<h3>Ginekolo\u0161ka onkologija<\/h3>\n<p><a href=\"\/sr\/category\/area-of-expertise\/gynecological-\u03bfncology\/\">Pogledaj uslugu<\/a>[\/vc_column_text][\/vc_column_inner][vc_column_inner el_class=&#8220;AoECol&#8220; width=&#8220;1\/3&#8243;][vc_single_image image=&#8220;622&#8243; img_size=&#8220;full&#8220; alignment=&#8220;center&#8220; el_class=&#8220;expertiseImg&#8220;][vc_column_text el_class=&#8220;expertiseText&#8220;]<\/p>\n<h3><img loading=\"lazy\" decoding=\"async\" class=\"alignnone size-full wp-image-329\" src=\"https:\/\/davidovic-grigoraki.gr\/wp-content\/uploads\/2021\/07\/exp-icon3.png\" alt=\"\" width=\"77\" height=\"77\" \/><\/h3>\n<h3>Ginekolo\u0161ke operacije<\/h3>\n<p><a href=\"\/category\/area-of-expertise\/gynecologic-surgery\/\">Pogledaj uslugu<\/a>[\/vc_column_text][\/vc_column_inner][\/vc_row_inner][\/vc_column][\/vc_row][vc_row el_id=&#8220;Live&#8220;][vc_column][vc_row_inner el_class=&#8220;innerLive container&#8220;][vc_column_inner el_class=&#8220;innerLiveColumn&#8220; width=&#8220;2\/3&#8243;][vc_column_text]<\/p>\n<h2><img loading=\"lazy\" decoding=\"async\" class=\"size-full wp-image-332 alignnone\" src=\"https:\/\/davidovic-grigoraki.gr\/wp-content\/uploads\/2021\/07\/live-icon.png\" alt=\"\" width=\"82\" height=\"84\" \/>\u00a0Live Web Doctor Consultation<\/h2>\n<p><strong>Dobijte savet subspecijaliste, plan le\u010denja i recept za lek<\/strong><strong>* ukoliko vam je potreban.<\/strong><\/p>\n<p>\u017delite da razgovarate sa dr Davidovi\u0107-Grigoraki putem video poziva? <strong>\u00a0<\/strong><\/p>\n<ul>\n<li>Bez muke, iz udobnosti sopstvenog doma<\/li>\n<li>U\u0161tedite vreme i novac<\/li>\n<li>Bi\u0107ete pozvani na zakazani termin<\/li>\n<\/ul>\n<p><strong>Kontaktirajte nas da zaka\u017eete termin.<\/strong><\/p>\n<p><em style=\"font-size: 12px;\">* Recepte za lekove vam mo\u017eemo propisati samo ukoliko \u017eivite u Gr\u010dkoj i imate va\u017ee\u0107u AMKA.<\/em>[\/vc_column_text]<div id=\"modal-trg-txt-wrap-9926\" class=\"ult-modal-input-wrapper ult-adjust-bottom-margin liveBtn   \" data-keypress-control=\"keypress-control-enable\" data-overlay-control=\"overlay-control-enable\"><button  data-ultimate-target='#modal-trg-txt-wrap-9926 .btn-modal'  data-responsive-json-new='{\"font-size\":\"\",\"line-height\":\"\"}'  style=\"background:#333333;border-color:#333333;color:#FFFFFF; \" data-class-id=\"content-69d91347ca5066-66599184\" class=\"btn-modal ult-responsive btn-primary btn-modal-sm overlay-show ult-align-left btn-id-69d91347ca5066-66599184\" data-overlay-class=\"overlay-fade\">Zaka\u017eite termin<\/button><\/div>\n<div class=\"ult-overlay content-69d91347ca5066-66599184 \" data-class=\"content-69d91347ca5066-66599184\" id=\"button-click-overlay\" style=\"background:rgba(180,164,217,0.7); display:none;\">\n\t<div class=\"ult_modal ult-fade ult-small\">\n\t\t<div id=\"ult-modal-wrap-9177\" class=\"ult_modal-content ult-hide\" style=\"border-style:solid;border-width:2px;border-radius:0px;border-color:#333333;\">\n\t\t\t<div  data-ultimate-target='#ult-modal-wrap-9177 .ult_modal-body'  data-responsive-json-new='{\"font-size\":\"\",\"line-height\":\"\"}'  class=\"ult_modal-body ult-responsive ult-html\" style=\"\">\n\t\t\t\n<div class=\"wpcf7 no-js\" id=\"wpcf7-f969-o1\" lang=\"en-GB\" dir=\"ltr\" data-wpcf7-id=\"969\">\n<div class=\"screen-reader-response\"><p role=\"status\" aria-live=\"polite\" aria-atomic=\"true\"><\/p> <ul><\/ul><\/div>\n<form action=\"\/sr\/wp-json\/wp\/v2\/pages\/2#wpcf7-f969-o1\" method=\"post\" class=\"wpcf7-form init\" aria-label=\"Contact form\" novalidate=\"novalidate\" data-status=\"init\">\n<fieldset class=\"hidden-fields-container\"><input type=\"hidden\" name=\"_wpcf7\" value=\"969\" \/><input type=\"hidden\" name=\"_wpcf7_version\" value=\"6.1.4\" \/><input type=\"hidden\" name=\"_wpcf7_locale\" value=\"en_GB\" \/><input type=\"hidden\" name=\"_wpcf7_unit_tag\" value=\"wpcf7-f969-o1\" \/><input type=\"hidden\" name=\"_wpcf7_container_post\" value=\"0\" \/><input type=\"hidden\" name=\"_wpcf7_posted_data_hash\" value=\"\" \/><input type=\"hidden\" name=\"lang\" value=\"sr\" \/><input type=\"hidden\" name=\"_wpcf7_recaptcha_response\" value=\"\" \/>\n<\/fieldset>\n<div class=\"form-cont\">\n\t<div class=\"row form-row flex-column\">\n\t\t<div class=\"col-12 textIn\">\n\t\t\t<p><span class=\"wpcf7-form-control-wrap\" data-name=\"your-name\"><input size=\"40\" maxlength=\"400\" class=\"wpcf7-form-control wpcf7-text wpcf7-validates-as-required\" aria-required=\"true\" aria-invalid=\"false\" placeholder=\"Unesite svoje ime\" value=\"\" type=\"text\" name=\"your-name\" \/><\/span>\n\t\t\t<\/p>\n\t\t<\/div>\n\t<\/div>\n\t<div class=\"row\">\n\t\t<div class=\"col-12 textIn\">\n\t\t\t<p><span class=\"wpcf7-form-control-wrap\" data-name=\"your-email\"><input size=\"40\" maxlength=\"400\" class=\"wpcf7-form-control wpcf7-email wpcf7-validates-as-required wpcf7-text wpcf7-validates-as-email\" aria-required=\"true\" aria-invalid=\"false\" placeholder=\"Upi\u0161ite svoj email\" value=\"\" type=\"email\" name=\"your-email\" \/><\/span>\n\t\t\t<\/p>\n\t\t<\/div>\n\t<\/div>\n\t<div class=\"row\">\n\t\t<div class=\"col-12 textIn\">\n\t\t\t<p><span class=\"wpcf7-form-control-wrap\" data-name=\"your-address\"><input size=\"40\" maxlength=\"400\" class=\"wpcf7-form-control wpcf7-text wpcf7-validates-as-required\" aria-required=\"true\" aria-invalid=\"false\" placeholder=\"Unesite svoju adresu\" value=\"\" type=\"text\" name=\"your-address\" \/><\/span>\n\t\t\t<\/p>\n\t\t<\/div>\n\t<\/div>\n\t<div class=\"row\">\n\t\t<div class=\"col-12 textIn\">\n\t\t\t<p><span class=\"wpcf7-form-control-wrap\" data-name=\"phone\"><input size=\"40\" maxlength=\"400\" class=\"wpcf7-form-control wpcf7-text wpcf7-validates-as-required\" id=\"phone\" aria-required=\"true\" aria-invalid=\"false\" placeholder=\"Unesite va\u0161 telefonski broj\" value=\"\" type=\"text\" name=\"phone\" \/><\/span>\n\t\t\t<\/p>\n\t\t<\/div>\n\t<\/div>\n\t<div class=\"row\">\n\t\t<div class=\"col-12 msgIn\">\n\t\t\t<p><span class=\"wpcf7-form-control-wrap\" data-name=\"your-message\"><textarea cols=\"40\" rows=\"10\" maxlength=\"2000\" class=\"wpcf7-form-control wpcf7-textarea wpcf7-validates-as-required\" aria-required=\"true\" aria-invalid=\"false\" placeholder=\"Va\u0161 medicinski problem\" name=\"your-message\"><\/textarea><\/span>\n\t\t\t<\/p>\n\t\t<\/div>\n\t<\/div>\n\t<div class=\"btnIn\">\n\t\t<p><input class=\"wpcf7-form-control wpcf7-submit has-spinner\" type=\"submit\" value=\"Po\u0161aljite\" \/>\n\t\t<\/p>\n\t<\/div>\n<\/div><div class=\"wpcf7-response-output\" aria-hidden=\"true\"><\/div>\n<\/form>\n<\/div>\n\n\t\t\t<\/div>\n\t<\/div>\n\t<\/div>\n\t<div class=\"ult-overlay-close top-right\" style=\"width:20px;height:20px; background-color: #b4a4d9;border-radius: 50%;padding:10px;box-sizing: content-box;\"><div class=\"ult-overlay-close-inside\">Close<\/div><\/div>\n<\/div>[\/vc_column_inner][vc_column_inner width=&#8220;1\/3&#8243;][vc_single_image image=&#8220;1023&#8243; img_size=&#8220;full&#8220;][\/vc_column_inner][\/vc_row_inner][\/vc_column][\/vc_row][vc_row el_id=&#8220;Infirmary&#8220;][vc_column][vc_custom_heading text=&#8220;The infirmary&#8220; font_container=&#8220;tag:h2|text_align:center&#8220; use_theme_fonts=&#8220;yes&#8220;][vc_row_inner el_class=&#8220;innerInfirmary container&#8220;][vc_column_inner][vc_column_text][\/vc_column_text][\/vc_column_inner][\/vc_row_inner][\/vc_column][\/vc_row][vc_row el_id=&#8220;Blog&#8220;][vc_column][vc_custom_heading text=&#8220;Blog&#8220; font_container=&#8220;tag:h2|text_align:center&#8220; use_theme_fonts=&#8220;yes&#8220;][vc_row_inner][vc_column_inner][vc_basic_grid post_type=&#8220;post&#8220; max_items=&#8220;4&#8243; element_width=&#8220;3&#8243; order=&#8220;ASC&#8220; item=&#8220;351&#8243; grid_id=&#8220;vc_gid:1637311745044-759156dc-8ae4-2&#8243; taxonomies=&#8220;1&#8243; el_class=&#8220;blogGrid&#8220;][\/vc_column_inner][\/vc_row_inner][\/vc_column][\/vc_row][vc_row el_id=&#8220;Testimonials&#8220;][vc_column][vc_custom_heading text=&#8220;What our patients said&#8220; font_container=&#8220;tag:h2|text_align:center&#8220; use_theme_fonts=&#8220;yes&#8220;][vc_column_text][\/vc_column_text][\/vc_column][\/vc_row]<\/p>\n<\/div>","protected":false},"excerpt":{"rendered":"<p>[vc_row el_id=&#8220;home1&#8243;][vc_column][vc_column_text][\/vc_column_text][vc_raw_html el_id=&#8220;homeSocialIcons&#8220;]JTNDYSUyMGhyZWYlM0QlMjJodHRwcyUzQSUyRiUyRnd3dy5mYWNlYm9vay5jb20lMkZNaW9uYS1EYXZpZG92aWMtR3JpZ29yYWtpLTEwMDcwNzQ0OTExMjY4MCUyMiUzRSUzQ2klMjBjbGFzcyUzRCUyMmZhYiUyMGZhLWZhY2Vib29rLWYlMjIlM0UlM0MlMkZpJTNFJTNDJTJGYSUzRSUwQSUzQ2ElMjBocmVmJTNEJTIyaHR0cHMlM0ElMkYlMkZ3d3cuaW5zdGFncmFtLmNvbSUyRm1pb25hLmRhdmlkb3ZpY2dyaWdvcmFraSUyRiUzRmhsJTNEc3IlMjIlM0UlM0NpJTIwY2xhc3MlM0QlMjJmYWIlMjBmYS1pbnN0YWdyYW0lMjIlM0UlM0MlMkZpJTNFJTNDJTJGYSUzRSUwQSUzQyUyMS0tJTIwJTNDYSUyMGhyZWYlM0QlMjIlMjMlMjIlM0UlM0NpJTIwY2xhc3MlM0QlMjJmYWIlMjBmYS15b3V0dWJlJTIyJTNFJTNDJTJGaSUzRSUzQyUyRmElM0UlMjAtLSUzRSUwQQ==[\/vc_raw_html][\/vc_column][\/vc_row][vc_row full_width=&#8220;stretch_row_content_no_spaces&#8220; el_id=&#8220;About&#8220;][vc_column][vc_row_inner el_class=&#8220;aboutInnerRow&#8220;][vc_column_inner width=&#8220;1\/3&#8243;][vc_single_image image=&#8220;599&#8243; img_size=&#8220;full&#8220; alignment=&#8220;center&#8220;][\/vc_column_inner][vc_column_inner width=&#8220;2\/3&#8243;][vc_column_text el_class=&#8220;aboutText&#8220;] Lekar Miona Davidovi\u0107-Grigoraki Specijalista ginekologije i aku\u0161erstva Subspecijalista ginekolo\u0161ke onkologije (ESGO diploma \u2039\u2039Evropski ginekolog-onkolog\u203a\u203a) Dr Davidovi\u0107-Grigoraki je vi\u0161estruko sertifikovani i iskusni ginekolog, \u010dija se ordinacija nalazi u centru Glifade, u Atini. Ordinacija je opu\u0161taju\u0107a i udobna, bez \u017eurbe sa pacijentima. Fokus njene prakse [&hellip;]<\/p>\n","protected":false},"author":1,"featured_media":0,"parent":0,"menu_order":0,"comment_status":"closed","ping_status":"open","template":"","meta":{"footnotes":""},"class_list":["post-2","page","type-page","status-publish","hentry"],"_links":{"self":[{"href":"https:\/\/www.davidovic-grigoraki.gr\/sr\/wp-json\/wp\/v2\/pages\/2","targetHints":{"allow":["GET"]}}],"collection":[{"href":"https:\/\/www.davidovic-grigoraki.gr\/sr\/wp-json\/wp\/v2\/pages"}],"about":[{"href":"https:\/\/www.davidovic-grigoraki.gr\/sr\/wp-json\/wp\/v2\/types\/page"}],"author":[{"embeddable":true,"href":"https:\/\/www.davidovic-grigoraki.gr\/sr\/wp-json\/wp\/v2\/users\/1"}],"replies":[{"embeddable":true,"href":"https:\/\/www.davidovic-grigoraki.gr\/sr\/wp-json\/wp\/v2\/comments?post=2"}],"version-history":[{"count":5,"href":"https:\/\/www.davidovic-grigoraki.gr\/sr\/wp-json\/wp\/v2\/pages\/2\/revisions"}],"predecessor-version":[{"id":1141,"href":"https:\/\/www.davidovic-grigoraki.gr\/sr\/wp-json\/wp\/v2\/pages\/2\/revisions\/1141"}],"wp:attachment":[{"href":"https:\/\/www.davidovic-grigoraki.gr\/sr\/wp-json\/wp\/v2\/media?parent=2"}],"curies":[{"name":"wp","href":"https:\/\/api.w.org\/{rel}","templated":true}]}}